{"id":77,"date":"2013-05-17T09:43:41","date_gmt":"2013-05-17T09:43:41","guid":{"rendered":"http:\/\/www.zeppelinsantiago.es\/?page_id=77"},"modified":"2013-07-26T09:34:58","modified_gmt":"2013-07-26T09:34:58","slug":"carpas-de-lona","status":"publish","type":"page","link":"https:\/\/zeppelinsantiago.es\/pt\/productos\/carpas-de-lona\/","title":{"rendered":"Carpas de lona"},"content":{"rendered":"<p>Somos uno de los proveedores gallegos l\u00edderes en soluciones pr\u00e1cticas y flexibles para eventos. Desarrollamos, producimos y distribuimos una de las gamas m\u00e1s amplias de estructuras de protecci\u00f3n en el mercado.<br \/>\n\n\t\t<style type=\"text\/css\">\n\t\t\t#gallery-5 {\n\t\t\t\tmargin: auto;\n\t\t\t}\n\t\t\t#gallery-5 .gallery-item {\n\t\t\t\tfloat: left;\n\t\t\t\tmargin-top: 10px;\n\t\t\t\ttext-align: center;\n\t\t\t\twidth: 25%;\n\t\t\t}\n\t\t\t#gallery-5 img {\n\t\t\t\tborder: 2px solid #cfcfcf;\n\t\t\t}\n\t\t\t#gallery-5 .gallery-caption {\n\t\t\t\tmargin-left: 0;\n\t\t\t}\n\t\t\t\/* see gallery_shortcode() in wp-includes\/media.php *\/\n\t\t<\/style>\n\t\t<div id='gallery-5' class='gallery galleryid-77 gallery-columns-4 gallery-size-thumbnail'><dl class='gallery-item'>\n\t\t\t<dt class='gallery-icon landscape'>\n\t\t\t\t<a href='https:\/\/zeppelinsantiago.es\/wp-content\/uploads\/2013\/05\/lona1.jpg'><img loading=\"lazy\" decoding=\"async\" width=\"150\" height=\"150\" src=\"https:\/\/zeppelinsantiago.es\/wp-content\/uploads\/2013\/05\/lona1-150x150.jpg\" class=\"attachment-thumbnail size-thumbnail\" alt=\"Carpas de lona - Zeppelin Santiago\" srcset=\"https:\/\/zeppelinsantiago.es\/wp-content\/uploads\/2013\/05\/lona1-150x150.jpg 150w, https:\/\/zeppelinsantiago.es\/wp-content\/uploads\/2013\/05\/lona1-90x90.jpg 90w, https:\/\/zeppelinsantiago.es\/wp-content\/uploads\/2013\/05\/lona1-300x300.jpg 300w\" sizes=\"auto, (max-width: 150px) 100vw, 150px\" \/><\/a>\n\t\t\t<\/dt><\/dl><dl class='gallery-item'>\n\t\t\t<dt class='gallery-icon landscape'>\n\t\t\t\t<a href='https:\/\/zeppelinsantiago.es\/wp-content\/uploads\/2013\/05\/lona2.jpg'><img loading=\"lazy\" decoding=\"async\" width=\"150\" height=\"150\" src=\"https:\/\/zeppelinsantiago.es\/wp-content\/uploads\/2013\/05\/lona2-150x150.jpg\" class=\"attachment-thumbnail size-thumbnail\" alt=\"Carpas de lona - Zeppelin Santiago\" srcset=\"https:\/\/zeppelinsantiago.es\/wp-content\/uploads\/2013\/05\/lona2-150x150.jpg 150w, https:\/\/zeppelinsantiago.es\/wp-content\/uploads\/2013\/05\/lona2-90x90.jpg 90w, https:\/\/zeppelinsantiago.es\/wp-content\/uploads\/2013\/05\/lona2-300x300.jpg 300w\" sizes=\"auto, (max-width: 150px) 100vw, 150px\" \/><\/a>\n\t\t\t<\/dt><\/dl><dl class='gallery-item'>\n\t\t\t<dt class='gallery-icon landscape'>\n\t\t\t\t<a href='https:\/\/zeppelinsantiago.es\/wp-content\/uploads\/2013\/05\/lona3.jpg'><img loading=\"lazy\" decoding=\"async\" width=\"150\" height=\"150\" src=\"https:\/\/zeppelinsantiago.es\/wp-content\/uploads\/2013\/05\/lona3-150x150.jpg\" class=\"attachment-thumbnail size-thumbnail\" alt=\"Carpas de lona - Zeppelin Santiago\" srcset=\"https:\/\/zeppelinsantiago.es\/wp-content\/uploads\/2013\/05\/lona3-150x150.jpg 150w, https:\/\/zeppelinsantiago.es\/wp-content\/uploads\/2013\/05\/lona3-90x90.jpg 90w, https:\/\/zeppelinsantiago.es\/wp-content\/uploads\/2013\/05\/lona3-300x300.jpg 300w\" sizes=\"auto, (max-width: 150px) 100vw, 150px\" \/><\/a>\n\t\t\t<\/dt><\/dl><dl class='gallery-item'>\n\t\t\t<dt class='gallery-icon landscape'>\n\t\t\t\t<a href='https:\/\/zeppelinsantiago.es\/wp-content\/uploads\/2013\/05\/lona4.jpg'><img loading=\"lazy\" decoding=\"async\" width=\"150\" height=\"150\" src=\"https:\/\/zeppelinsantiago.es\/wp-content\/uploads\/2013\/05\/lona4-150x150.jpg\" class=\"attachment-thumbnail size-thumbnail\" alt=\"Carpas de lona - Zeppelin Santiago\" srcset=\"https:\/\/zeppelinsantiago.es\/wp-content\/uploads\/2013\/05\/lona4-150x150.jpg 150w, https:\/\/zeppelinsantiago.es\/wp-content\/uploads\/2013\/05\/lona4-90x90.jpg 90w, https:\/\/zeppelinsantiago.es\/wp-content\/uploads\/2013\/05\/lona4-300x300.jpg 300w\" sizes=\"auto, (max-width: 150px) 100vw, 150px\" \/><\/a>\n\t\t\t<\/dt><\/dl><br style=\"clear: both\" \/>\n\t\t<\/div>\n<br \/>\nNuestras carpas vienen con marcos de acero ligero, galvanizado para una instalaci\u00f3n s\u00f3lida y segura. El techo de lona es resistente al desgaste y las paredes laterales est\u00e1n hechas de PVC, PE o poli\u00e9ster de alta calidad con un revestimiento de PVC para proporcionar un refugio atractivo que es a la vez impermeable, ign\u00edfugo y resistente a los rayos UV.<\/p>\n<blockquote><p>Alquiler y venta.<\/p><\/blockquote>\n<p>\n\t\t<style type=\"text\/css\">\n\t\t\t#gallery-6 {\n\t\t\t\tmargin: auto;\n\t\t\t}\n\t\t\t#gallery-6 .gallery-item {\n\t\t\t\tfloat: left;\n\t\t\t\tmargin-top: 10px;\n\t\t\t\ttext-align: center;\n\t\t\t\twidth: 25%;\n\t\t\t}\n\t\t\t#gallery-6 img {\n\t\t\t\tborder: 2px solid #cfcfcf;\n\t\t\t}\n\t\t\t#gallery-6 .gallery-caption {\n\t\t\t\tmargin-left: 0;\n\t\t\t}\n\t\t\t\/* see gallery_shortcode() in wp-includes\/media.php *\/\n\t\t<\/style>\n\t\t<div id='gallery-6' class='gallery galleryid-77 gallery-columns-4 gallery-size-thumbnail'><dl class='gallery-item'>\n\t\t\t<dt class='gallery-icon landscape'>\n\t\t\t\t<a href='https:\/\/zeppelinsantiago.es\/wp-content\/uploads\/2013\/05\/montaje-alquiler-12x6.jpg'><img loading=\"lazy\" decoding=\"async\" width=\"150\" height=\"150\" src=\"https:\/\/zeppelinsantiago.es\/wp-content\/uploads\/2013\/05\/montaje-alquiler-12x6-150x150.jpg\" class=\"attachment-thumbnail size-thumbnail\" alt=\"\" \/><\/a>\n\t\t\t<\/dt><\/dl><dl class='gallery-item'>\n\t\t\t<dt class='gallery-icon landscape'>\n\t\t\t\t<a href='https:\/\/zeppelinsantiago.es\/wp-content\/uploads\/2013\/05\/Imagen003.jpg'><img loading=\"lazy\" decoding=\"async\" width=\"150\" height=\"150\" src=\"https:\/\/zeppelinsantiago.es\/wp-content\/uploads\/2013\/05\/Imagen003-150x150.jpg\" class=\"attachment-thumbnail size-thumbnail\" alt=\"\" \/><\/a>\n\t\t\t<\/dt><\/dl><dl class='gallery-item'>\n\t\t\t<dt class='gallery-icon landscape'>\n\t\t\t\t<a href='https:\/\/zeppelinsantiago.es\/wp-content\/uploads\/2013\/05\/alk-12x6-1.jpg'><img loading=\"lazy\" decoding=\"async\" width=\"150\" height=\"150\" src=\"https:\/\/zeppelinsantiago.es\/wp-content\/uploads\/2013\/05\/alk-12x6-1-150x150.jpg\" class=\"attachment-thumbnail size-thumbnail\" alt=\"\" \/><\/a>\n\t\t\t<\/dt><\/dl><dl class='gallery-item'>\n\t\t\t<dt class='gallery-icon landscape'>\n\t\t\t\t<a href='https:\/\/zeppelinsantiago.es\/wp-content\/uploads\/2013\/05\/24042009003.jpg'><img loading=\"lazy\" decoding=\"async\" width=\"150\" height=\"150\" src=\"https:\/\/zeppelinsantiago.es\/wp-content\/uploads\/2013\/05\/24042009003-150x150.jpg\" class=\"attachment-thumbnail size-thumbnail\" alt=\"Carpas de lona - Zeppelin Santiago\" \/><\/a>\n\t\t\t<\/dt><\/dl><br style=\"clear: both\" \/>\n\t\t<\/div>\n<\/p>","protected":false},"excerpt":{"rendered":"<p>Somos uno de los proveedores gallegos l\u00edderes en soluciones pr\u00e1cticas y flexibles para eventos. Desarrollamos, producimos y distribuimos una de <span class=\"ver-mas\"><a href=\"https:\/\/zeppelinsantiago.es\/pt\/productos\/carpas-de-lona\/\">&#43; info<\/a><\/span><\/p>\n","protected":false},"author":3,"featured_media":298,"parent":11,"menu_order":11,"comment_status":"closed","ping_status":"closed","template":"","meta":{"_monsterinsights_skip_tracking":false,"_monsterinsights_sitenote_active":false,"_monsterinsights_sitenote_note":"","_monsterinsights_sitenote_category":0,"footnotes":""},"class_list":["post-77","page","type-page","status-publish","has-post-thumbnail","hentry"],"aioseo_notices":[],"_links":{"self":[{"href":"https:\/\/zeppelinsantiago.es\/pt\/wp-json\/wp\/v2\/pages\/77","targetHints":{"allow":["GET"]}}],"collection":[{"href":"https:\/\/zeppelinsantiago.es\/pt\/wp-json\/wp\/v2\/pages"}],"about":[{"href":"https:\/\/zeppelinsantiago.es\/pt\/wp-json\/wp\/v2\/types\/page"}],"author":[{"embeddable":true,"href":"https:\/\/zeppelinsantiago.es\/pt\/wp-json\/wp\/v2\/users\/3"}],"replies":[{"embeddable":true,"href":"https:\/\/zeppelinsantiago.es\/pt\/wp-json\/wp\/v2\/comments?post=77"}],"version-history":[{"count":4,"href":"https:\/\/zeppelinsantiago.es\/pt\/wp-json\/wp\/v2\/pages\/77\/revisions"}],"predecessor-version":[{"id":829,"href":"https:\/\/zeppelinsantiago.es\/pt\/wp-json\/wp\/v2\/pages\/77\/revisions\/829"}],"up":[{"embeddable":true,"href":"https:\/\/zeppelinsantiago.es\/pt\/wp-json\/wp\/v2\/pages\/11"}],"wp:featuredmedia":[{"embeddable":true,"href":"https:\/\/zeppelinsantiago.es\/pt\/wp-json\/wp\/v2\/media\/298"}],"wp:attachment":[{"href":"https:\/\/zeppelinsantiago.es\/pt\/wp-json\/wp\/v2\/media?parent=77"}],"curies":[{"name":"wp","href":"https:\/\/api.w.org\/{rel}","templated":true}]}}