{"id":410,"date":"2013-04-20T19:56:53","date_gmt":"2013-04-20T19:56:53","guid":{"rendered":"http:\/\/www.zeppelinsantiago.es\/?page_id=410"},"modified":"2013-07-26T15:22:57","modified_gmt":"2013-07-26T15:22:57","slug":"nightlights","status":"publish","type":"page","link":"https:\/\/zeppelinsantiago.es\/pt\/productos\/nightlights\/","title":{"rendered":"Night Light"},"content":{"rendered":"<p>NIGHT LIGHT es un globo iluminado port\u00e1til a trav\u00e9s de una mochila. Ideal para captar la<br \/>\natenci\u00f3n de la gente.<br \/>\nSon perfectos para reuniones pol\u00edticas, conciertos, centros comerciales, etc. Nuestros globos iluminados, o l\u00e1mparas de noche, se montan en una mochila especialmente dise\u00f1ada para que la persona que la porta, pueda pasar entre las multitudes en los distintos lugares, hablar con la gente, hablar de sus ofertas de productos e incluso repartir cupones o folletos.<\/p>\n<blockquote><p>\u00a1\u00a1LLAMAR\u00c1 LA ATENCI\u00d3N!!! no importa donde usted los utilice.<\/p><\/blockquote>\n<p>Los m\u00faltiples usos de los NIGHT LIGHT son tan ilimitados como su imaginaci\u00f3n. La \u00faltima vez que usamos nuestras luces nocturnas en un centro comercial al aire libre, la gente nos par\u00f3 continuamente e hizo preguntas sobre nuestros globos iluminados debido a la atracci\u00f3n de estos. Piense en el poder de marketing que tiene &#8211; los clientes no s\u00f3lo est\u00e1n viendo su anuncio, tambi\u00e9n tienen la oportunidad de interactuar con la persona que lleva la luz nocturna.<\/p>\n\n\t\t<style type=\"text\/css\">\n\t\t\t#gallery-3 {\n\t\t\t\tmargin: auto;\n\t\t\t}\n\t\t\t#gallery-3 .gallery-item {\n\t\t\t\tfloat: left;\n\t\t\t\tmargin-top: 10px;\n\t\t\t\ttext-align: center;\n\t\t\t\twidth: 25%;\n\t\t\t}\n\t\t\t#gallery-3 img {\n\t\t\t\tborder: 2px solid #cfcfcf;\n\t\t\t}\n\t\t\t#gallery-3 .gallery-caption {\n\t\t\t\tmargin-left: 0;\n\t\t\t}\n\t\t\t\/* see gallery_shortcode() in wp-includes\/media.php *\/\n\t\t<\/style>\n\t\t<div id='gallery-3' class='gallery galleryid-410 gallery-columns-4 gallery-size-thumbnail'><dl class='gallery-item'>\n\t\t\t<dt class='gallery-icon landscape'>\n\t\t\t\t<a href='https:\/\/zeppelinsantiago.es\/wp-content\/uploads\/2013\/06\/night1.jpg'><img loading=\"lazy\" decoding=\"async\" width=\"150\" height=\"150\" src=\"https:\/\/zeppelinsantiago.es\/wp-content\/uploads\/2013\/06\/night1-150x150.jpg\" class=\"attachment-thumbnail size-thumbnail\" alt=\"Night Light - Zeppelin Santiago\" srcset=\"https:\/\/zeppelinsantiago.es\/wp-content\/uploads\/2013\/06\/night1-150x150.jpg 150w, https:\/\/zeppelinsantiago.es\/wp-content\/uploads\/2013\/06\/night1-90x90.jpg 90w, https:\/\/zeppelinsantiago.es\/wp-content\/uploads\/2013\/06\/night1-300x300.jpg 300w\" sizes=\"auto, (max-width: 150px) 100vw, 150px\" \/><\/a>\n\t\t\t<\/dt><\/dl><dl class='gallery-item'>\n\t\t\t<dt class='gallery-icon portrait'>\n\t\t\t\t<a href='https:\/\/zeppelinsantiago.es\/wp-content\/uploads\/2013\/06\/night2.jpg'><img loading=\"lazy\" decoding=\"async\" width=\"150\" height=\"150\" src=\"https:\/\/zeppelinsantiago.es\/wp-content\/uploads\/2013\/06\/night2-150x150.jpg\" class=\"attachment-thumbnail size-thumbnail\" alt=\"Night Light - Zeppelin Santiago\" srcset=\"https:\/\/zeppelinsantiago.es\/wp-content\/uploads\/2013\/06\/night2-150x150.jpg 150w, https:\/\/zeppelinsantiago.es\/wp-content\/uploads\/2013\/06\/night2-90x90.jpg 90w, https:\/\/zeppelinsantiago.es\/wp-content\/uploads\/2013\/06\/night2-300x300.jpg 300w\" sizes=\"auto, (max-width: 150px) 100vw, 150px\" \/><\/a>\n\t\t\t<\/dt><\/dl><dl class='gallery-item'>\n\t\t\t<dt class='gallery-icon portrait'>\n\t\t\t\t<a href='https:\/\/zeppelinsantiago.es\/wp-content\/uploads\/2013\/06\/night3.jpg'><img loading=\"lazy\" decoding=\"async\" width=\"150\" height=\"150\" src=\"https:\/\/zeppelinsantiago.es\/wp-content\/uploads\/2013\/06\/night3-150x150.jpg\" class=\"attachment-thumbnail size-thumbnail\" alt=\"Night Light - Zeppelin Santiago\" srcset=\"https:\/\/zeppelinsantiago.es\/wp-content\/uploads\/2013\/06\/night3-150x150.jpg 150w, https:\/\/zeppelinsantiago.es\/wp-content\/uploads\/2013\/06\/night3-90x90.jpg 90w, https:\/\/zeppelinsantiago.es\/wp-content\/uploads\/2013\/06\/night3-300x300.jpg 300w\" sizes=\"auto, (max-width: 150px) 100vw, 150px\" \/><\/a>\n\t\t\t<\/dt><\/dl><dl class='gallery-item'>\n\t\t\t<dt class='gallery-icon portrait'>\n\t\t\t\t<a href='https:\/\/zeppelinsantiago.es\/wp-content\/uploads\/2013\/06\/night4.jpg'><img loading=\"lazy\" decoding=\"async\" width=\"150\" height=\"150\" src=\"https:\/\/zeppelinsantiago.es\/wp-content\/uploads\/2013\/06\/night4-150x150.jpg\" class=\"attachment-thumbnail size-thumbnail\" alt=\"Night Light - Zeppelin Santiago\" srcset=\"https:\/\/zeppelinsantiago.es\/wp-content\/uploads\/2013\/06\/night4-150x150.jpg 150w, https:\/\/zeppelinsantiago.es\/wp-content\/uploads\/2013\/06\/night4-90x90.jpg 90w, https:\/\/zeppelinsantiago.es\/wp-content\/uploads\/2013\/06\/night4-300x300.jpg 300w\" sizes=\"auto, (max-width: 150px) 100vw, 150px\" \/><\/a>\n\t\t\t<\/dt><\/dl><br style=\"clear: both\" \/>\n\t\t<\/div>\n\n<p>Son f\u00e1ciles de instalar y f\u00e1cil de usar. El dise\u00f1o de la mochila NightLight permite la libertad de movimiento y la m\u00e1xima exposici\u00f3n del mensaje. La bater\u00eda est\u00e1 integrada en la mochila especialmente dise\u00f1ada y viene con un cargador para permitir m\u00faltiples usos. Usted puede elegir entre dos formas de globo, dependiendo de su negocio y el impacto que usted desea hacer. Tenemos bolas y esferoides.<\/p>\n<p>Incluye:<\/p>\n<ul>\n<li>instrucciones<\/li>\n<li>globo o esferoide<\/li>\n<li>bombillas<\/li>\n<li>mochila<\/li>\n<li>una bateria 12v<\/li>\n<li>cargador<\/li>\n<li>kit de reparaci\u00f3n en caso de pinchazos<\/li>\n<\/ul>\n<p><\/p>","protected":false},"excerpt":{"rendered":"<p>NIGHT LIGHT es un globo iluminado port\u00e1til a trav\u00e9s de una mochila. Ideal para captar la atenci\u00f3n de la gente. <span class=\"ver-mas\"><a href=\"https:\/\/zeppelinsantiago.es\/pt\/productos\/nightlights\/\">&#43; info<\/a><\/span><\/p>\n","protected":false},"author":3,"featured_media":486,"parent":11,"menu_order":0,"comment_status":"closed","ping_status":"closed","template":"","meta":{"_monsterinsights_skip_tracking":false,"_monsterinsights_sitenote_active":false,"_monsterinsights_sitenote_note":"","_monsterinsights_sitenote_category":0,"footnotes":""},"class_list":["post-410","page","type-page","status-publish","has-post-thumbnail","hentry"],"aioseo_notices":[],"_links":{"self":[{"href":"https:\/\/zeppelinsantiago.es\/pt\/wp-json\/wp\/v2\/pages\/410","targetHints":{"allow":["GET"]}}],"collection":[{"href":"https:\/\/zeppelinsantiago.es\/pt\/wp-json\/wp\/v2\/pages"}],"about":[{"href":"https:\/\/zeppelinsantiago.es\/pt\/wp-json\/wp\/v2\/types\/page"}],"author":[{"embeddable":true,"href":"https:\/\/zeppelinsantiago.es\/pt\/wp-json\/wp\/v2\/users\/3"}],"replies":[{"embeddable":true,"href":"https:\/\/zeppelinsantiago.es\/pt\/wp-json\/wp\/v2\/comments?post=410"}],"version-history":[{"count":12,"href":"https:\/\/zeppelinsantiago.es\/pt\/wp-json\/wp\/v2\/pages\/410\/revisions"}],"predecessor-version":[{"id":850,"href":"https:\/\/zeppelinsantiago.es\/pt\/wp-json\/wp\/v2\/pages\/410\/revisions\/850"}],"up":[{"embeddable":true,"href":"https:\/\/zeppelinsantiago.es\/pt\/wp-json\/wp\/v2\/pages\/11"}],"wp:featuredmedia":[{"embeddable":true,"href":"https:\/\/zeppelinsantiago.es\/pt\/wp-json\/wp\/v2\/media\/486"}],"wp:attachment":[{"href":"https:\/\/zeppelinsantiago.es\/pt\/wp-json\/wp\/v2\/media?parent=410"}],"curies":[{"name":"wp","href":"https:\/\/api.w.org\/{rel}","templated":true}]}}