{"id":20,"date":"2013-05-12T15:13:53","date_gmt":"2013-05-12T15:13:53","guid":{"rendered":"http:\/\/www.zeppelinsantiago.es\/?page_id=20"},"modified":"2014-07-22T03:41:40","modified_gmt":"2014-07-22T03:41:40","slug":"servicios","status":"publish","type":"page","link":"https:\/\/zeppelinsantiago.es\/pt\/servicios\/","title":{"rendered":"Servi\u00e7os"},"content":{"rendered":"<p>En <strong>Zeppel\u00edn Santiago <\/strong>abordamos los eventos de nuestros clientes como si fuesen propios. Tanto si se trata de un peque\u00f1o acto social o publicitario, como de un evento multitudinario, sabemos mejor que nadie que los eventos no conceden segundas oportunidades y, por tanto, cada uno de ellos representa una oportunidad \u00fanica para que nuestros clientes alcancen el \u00e9xito. Por eso ofrecemos un servicio integral, dando soporte a todo el proceso que comprende desde la idea original hasta su ejecuci\u00f3n final: planificaci\u00f3n, organizaci\u00f3n, coordinaci\u00f3n y celebraci\u00f3n. Al mismo tiempo, aportamos nuestra experiencia y conocimiento, nuestra creatividad y capacidad de innovaci\u00f3n y, sobre todo, la seguridad que acredita un equipo multidisciplinar con m\u00e1s de 10 a\u00f1os de trayectoria profesional en el sector. En <strong>Zeppel\u00edn Santiago<\/strong> cuidamos hasta el m\u00e1s m\u00ednimo detalle, sin dejar nada al azar o la improvisaci\u00f3n. Es nuestra particular f\u00f3rmula para alcanzar el \u00e9xito. Desde nuestras instalaciones en Santiago de Compostela, hemos fabricado dirigibles, zeppelines y todo tipo de hinchables publicitarios para nuestros clientes distribuidos por pr\u00e1cticamente todo el mundo. <strong>Zeppel\u00edn Santiago<\/strong> es una empresa con clara vocaci\u00f3n internacional que cuenta con clientes por toda la geograf\u00eda espa\u00f1ola, europea y americana. Con un promedio de m\u00e1s de un centenar de eventos al a\u00f1o durante los \u00faltimos ejercicios, hemos adquirido una notable especializaci\u00f3n en las tareas de planificaci\u00f3n y organizaci\u00f3n de eventos de todo tipo: actos de empresa, institucionales y pol\u00edticos, publicitarios, ferias y exposiciones y espect\u00e1culos. Adem\u00e1s, nuestro equipo est\u00e1 abierto a cualquier otro planteamiento, necesidad o petici\u00f3n de eventos espec\u00edficos que nuestros clientes nos puedan formular. Tambi\u00e9n disponemos de un gran stock de soportes para el alquiler y nos desplazamos a donde Ud. lo necesite. Gracias a un continuo esfuerzo inversor en el \u00e1rea de log\u00edstica, contamos con recursos propios que nos permiten ser m\u00e1s \u00e1giles y eficaces en el montaje de los eventos. <\/p>\n<blockquote><p><a title=\"Contacto\" href=\"http:\/\/www.zeppelinsantiago.es\/contacto\/\">\u00a1\u00a1\u00a1 LL\u00c1MENOS Y NOS ENCARGAREMOS DE TODO!!!<\/a><\/p><\/blockquote>\n<ul>\n<li>Eventos de empresa<\/li>\n<li>Actos institucionales\/pol\u00edticos<\/li>\n<li>Ferias\/exposiciones<\/li>\n<li>Espect\u00e1culos<\/li>\n<li>Campa\u00f1as Publicitarias<\/li>\n<li>Presentaciones de producto<\/li>\n<li>Convenciones<\/li>\n<li>Inauguraciones<\/li>\n<\/ul>\n<p><\/p>","protected":false},"excerpt":{"rendered":"<p>En Zeppel\u00edn Santiago abordamos los eventos de nuestros clientes como si fuesen propios. Tanto si se trata de un peque\u00f1o <span class=\"ver-mas\"><a href=\"https:\/\/zeppelinsantiago.es\/pt\/servicios\/\">&#43; info<\/a><\/span><\/p>\n","protected":false},"author":3,"featured_media":0,"parent":0,"menu_order":5,"comment_status":"closed","ping_status":"closed","template":"","meta":{"_monsterinsights_skip_tracking":false,"_monsterinsights_sitenote_active":false,"_monsterinsights_sitenote_note":"","_monsterinsights_sitenote_category":0,"footnotes":""},"class_list":["post-20","page","type-page","status-publish","hentry"],"aioseo_notices":[],"_links":{"self":[{"href":"https:\/\/zeppelinsantiago.es\/pt\/wp-json\/wp\/v2\/pages\/20","targetHints":{"allow":["GET"]}}],"collection":[{"href":"https:\/\/zeppelinsantiago.es\/pt\/wp-json\/wp\/v2\/pages"}],"about":[{"href":"https:\/\/zeppelinsantiago.es\/pt\/wp-json\/wp\/v2\/types\/page"}],"author":[{"embeddable":true,"href":"https:\/\/zeppelinsantiago.es\/pt\/wp-json\/wp\/v2\/users\/3"}],"replies":[{"embeddable":true,"href":"https:\/\/zeppelinsantiago.es\/pt\/wp-json\/wp\/v2\/comments?post=20"}],"version-history":[{"count":7,"href":"https:\/\/zeppelinsantiago.es\/pt\/wp-json\/wp\/v2\/pages\/20\/revisions"}],"predecessor-version":[{"id":1256,"href":"https:\/\/zeppelinsantiago.es\/pt\/wp-json\/wp\/v2\/pages\/20\/revisions\/1256"}],"wp:attachment":[{"href":"https:\/\/zeppelinsantiago.es\/pt\/wp-json\/wp\/v2\/media?parent=20"}],"curies":[{"name":"wp","href":"https:\/\/api.w.org\/{rel}","templated":true}]}}