{"id":1646,"date":"2017-07-12T18:59:55","date_gmt":"2017-07-12T18:59:55","guid":{"rendered":"http:\/\/www.zeppelinsantiago.es\/?page_id=1646"},"modified":"2017-07-12T18:59:55","modified_gmt":"2017-07-12T18:59:55","slug":"politica-de-privacidad","status":"publish","type":"page","link":"https:\/\/zeppelinsantiago.es\/pt\/politica-de-privacidad\/","title":{"rendered":"Pol\u00edtica de privacidad"},"content":{"rendered":"<p><strong>Confidencialidad<\/strong><\/p>\n<p><a href=\"http:\/\/www.zeppelinsantiago.es\">www.zeppelinsantiago.es<\/a> garantiza la seguridad y confidencialidad en todas sus comunicaciones con sus clientes y potenciales clientes a trav\u00e9s de la presente web. <a href=\"http:\/\/www.zeppelinsantiago.es\">www.zeppelinsantiago.es<\/a> garantiza la protecci\u00f3n y confidencialidad de los datos personales, domiciliarios de pago y de cualquier otro tipo que nos proporcionen nuestros clientes y potenciales clientes de acuerdo con lo dispuesto en la Ley Org\u00e1nica 15\/1999, de 13 de diciembre de Protecci\u00f3n de Datos de Car\u00e1cter Personal (LOPD).<\/p>\n<p>El cliente o potencial cliente se entiende informado de que estas condiciones de privacidad resultan totalmente compatibles con la inclusi\u00f3n dentro de la p\u00e1gina web de un c\u00f3digo de Google Analytics a efectos meramente estad\u00edsticos.<\/p>\n<p><strong>Comunicaciones<\/strong><\/p>\n<p>ZEPPELIN SANTIAGO es el titular del portal <a href=\"http:\/\/www.zeppelinsantiago.es\">www.zeppelinsantiago.es<\/a>, (en adelante el \u201cPortal web\u201d) y pone el mismo a disposici\u00f3n de los usuarios de Internet, con el fin tanto de proporcionar informaci\u00f3n sobre la compa\u00f1\u00eda, sus productos y promociones ligadas a los mismos, as\u00ed como permitir la prestaci\u00f3n de distintos servicios a trav\u00e9s del Portal (registro de Usuarios, env\u00edo de \u201cnewsletters\u201d con el email corporativo, etc.). sobre su actividad econ\u00f3mica que es la venta y alquiler de productos hinchables de aire y de helio, zeppelines a radio control y cautivos, decoraciones, esferas auto iluminadas, globos gigantes de helio, castillos hinchables, carpas de lona, pantallas hinchables, globos aerost\u00e1ticos.<\/p>\n<p><strong>Ficheros AEPD (Agencia Espa\u00f1ola de Protecci\u00f3n de Datos)<\/strong><\/p>\n<p>Asimismo, a los efectos de lo dispuesto en la Ley Org\u00e1nica 15\/1999, de 13 de diciembre, de Protecci\u00f3n de Datos de Car\u00e1cter Personal (LOPD), se informa al usuario que ZEPPELIN SANTIAGO es titular y responsable de una serie de ficheros inscritos en el Registro de la Agencia Espa\u00f1ola de Protecci\u00f3n de Datos, en el cual se recoger\u00e1 la informaci\u00f3n de car\u00e1cter personal suministrada por sus usuarios habiendo adoptado todas las medidas de seguridad requeridas legalmente para la protecci\u00f3n de los datos personales de sus usuarios.<\/p>\n<p>Dicho fichero automatizado de datos de car\u00e1cter personal se ha creado con los datos obtenidos en el presente Portal por y para ZEPPELIN SANTIAGO y bajo su responsabilidad, con las finalidades de informaci\u00f3n, comercializaci\u00f3n y venta de los productos ofrecidos en la p\u00e1gina web, as\u00ed como la realizaci\u00f3n de actividades promocionales, publicitarias e informativas por cualquier medio (e-mail, mailing postal, tel\u00e9fono, tel\u00e9fono m\u00f3vil, redes sociales etc.) sobre su cartera de productos tales como la venta y alquiler de productos hinchables de aire y de helio, zeppelines a radio control y cautivos, decoraciones, esferas auto iluminadas, globos gigantes de helio, castillos hinchables, carpas de lona, pantallas hinchables, globos aerost\u00e1ticos; \u00a0que puedan ser de su inter\u00e9s, para ampliar y mejorar sus productos adecuando sus ofertas a las preferencias o necesidades de sus Usuarios y para permitir una navegaci\u00f3n personalizada por el Portal web.<\/p>\n<p>El usuario acepta expresamente la inclusi\u00f3n de los datos recabados durante la navegaci\u00f3n por el Portal web, o proporcionados mediante la cumplimentaci\u00f3n de cualquier formulario, as\u00ed como los derivados de la relaci\u00f3n comercial y\/o entrega de los productos comprados, en el fichero automatizado de datos de car\u00e1cter personal.<\/p>\n<p>Durante el proceso de recogida de los datos, el Usuario ser\u00e1 informado del car\u00e1cter obligatorio o no de recogida de tales datos para la entrega de los productos, excepto para la realizaci\u00f3n de pedidos en cuyo caso ZEPPELIN SANTIAGO informa desde este momento al Usuario que no se considerar\u00e1 de car\u00e1cter voluntario, por lo que ser\u00e1 necesaria su inclusi\u00f3n para la formalizaci\u00f3n del oferta comercial, proporcionar los datos relativos a la identidad y domicilio, al ser estos datos necesarios para la formalizaci\u00f3n y conclusi\u00f3n de una oferta.<\/p>\n<p><strong>Ejercicio de los derechos de acceso, rectificaci\u00f3n, cancelaci\u00f3n y oposici\u00f3n (ARCO)<\/strong><\/p>\n<p>El usuario podr\u00e1 ejercitar, respecto de los datos recabados en la forma prevista en el apartado anterior, los derechos reconocidos en la Ley Org\u00e1nica 15\/1999, y en particular los derechos de acceso, rectificaci\u00f3n, cancelaci\u00f3n y oposici\u00f3n de datos, si resultase pertinente, as\u00ed como el de revocaci\u00f3n del consentimiento para la cesi\u00f3n de sus datos.<\/p>\n<p>El solicitante puede remitirnos un escrito al domicilio postal especificado en el siguiente apartado de esta web, o a la direcci\u00f3n de\u00a0correo electr\u00f3nico que facilitamos en la p\u00e1gina web (info@zeppelinsantiago.com) para ejercer sus\u00a0derechos de acceso, rectificaci\u00f3n, cancelaci\u00f3n y oposici\u00f3n. En ambos casos, el solicitante deber\u00e1 adjuntar una copia de su DNI.<\/p>\n<p><strong>Aceptaci\u00f3n de la Pol\u00edtica de Privacidad<\/strong><\/p>\n<p>Mediante la aceptaci\u00f3n de estas condiciones, el usuario consiente expresamente la cesi\u00f3n o comunicaci\u00f3n de los datos incluidos en el fichero referido en estas condiciones, a zeppelinsantiago.com, est\u00e9n situadas o no en el territorio espa\u00f1ol, y para las mismas finalidades indicadas en estos apartados. ZEPPELIN SANTIAGO. se compromete, en la utilizaci\u00f3n de los datos incluidos en el fichero, a respetar su confidencialidad y a utilizarlos de acuerdo con la finalidad del fichero, as\u00ed como a dar cumplimiento a su obligaci\u00f3n de guardarlos y a adoptar todas las medidas para evitar la alteraci\u00f3n, p\u00e9rdida, tratamiento o acceso no autorizado, de acuerdo con lo establecido en el Reglamento de Medidas de Seguridad de los ficheros automatizados que contengan datos de car\u00e1cter personal, aprobado por el Real Decreto 994\/1999, de 11 de julio.<\/p>\n","protected":false},"excerpt":{"rendered":"<p>Confidencialidad www.zeppelinsantiago.es garantiza la seguridad y confidencialidad en todas sus comunicaciones con sus clientes y potenciales clientes a trav\u00e9s de <span class=\"ver-mas\"><a href=\"https:\/\/zeppelinsantiago.es\/pt\/politica-de-privacidad\/\">&#43; info<\/a><\/span><\/p>\n","protected":false},"author":1001002,"featured_media":0,"parent":0,"menu_order":0,"comment_status":"closed","ping_status":"closed","template":"","meta":{"_monsterinsights_skip_tracking":false,"_monsterinsights_sitenote_active":false,"_monsterinsights_sitenote_note":"","_monsterinsights_sitenote_category":0,"footnotes":""},"class_list":["post-1646","page","type-page","status-publish","hentry"],"aioseo_notices":[],"_links":{"self":[{"href":"https:\/\/zeppelinsantiago.es\/pt\/wp-json\/wp\/v2\/pages\/1646","targetHints":{"allow":["GET"]}}],"collection":[{"href":"https:\/\/zeppelinsantiago.es\/pt\/wp-json\/wp\/v2\/pages"}],"about":[{"href":"https:\/\/zeppelinsantiago.es\/pt\/wp-json\/wp\/v2\/types\/page"}],"author":[{"embeddable":true,"href":"https:\/\/zeppelinsantiago.es\/pt\/wp-json\/wp\/v2\/users\/1001002"}],"replies":[{"embeddable":true,"href":"https:\/\/zeppelinsantiago.es\/pt\/wp-json\/wp\/v2\/comments?post=1646"}],"version-history":[{"count":1,"href":"https:\/\/zeppelinsantiago.es\/pt\/wp-json\/wp\/v2\/pages\/1646\/revisions"}],"predecessor-version":[{"id":1647,"href":"https:\/\/zeppelinsantiago.es\/pt\/wp-json\/wp\/v2\/pages\/1646\/revisions\/1647"}],"wp:attachment":[{"href":"https:\/\/zeppelinsantiago.es\/pt\/wp-json\/wp\/v2\/media?parent=1646"}],"curies":[{"name":"wp","href":"https:\/\/api.w.org\/{rel}","templated":true}]}}