{"id":1159,"date":"2013-11-05T11:12:32","date_gmt":"2013-11-05T11:12:32","guid":{"rendered":"http:\/\/www.zeppelinsantiago.es\/?page_id=1159"},"modified":"2014-07-22T03:41:36","modified_gmt":"2014-07-22T03:41:36","slug":"decoracoracionnsvidena","status":"publish","type":"page","link":"https:\/\/zeppelinsantiago.es\/pt\/productos\/decoracoracionnsvidena\/","title":{"rendered":"DECORA\u00c7\u00c3O DO NATAL"},"content":{"rendered":"<p><a href=\"http:\/\/www.zeppelinsantiago.es\/wp-content\/uploads\/2013\/05\/figura2.jpg\"><img loading=\"lazy\" decoding=\"async\" class=\" wp-image-499 alignleft\" alt=\"Figuras - Zeppelin Santiago\" src=\"http:\/\/www.zeppelinsantiago.es\/wp-content\/uploads\/2013\/05\/figura2.jpg\" width=\"316\" height=\"476\" srcset=\"https:\/\/zeppelinsantiago.es\/wp-content\/uploads\/2013\/05\/figura2.jpg 2137w, https:\/\/zeppelinsantiago.es\/wp-content\/uploads\/2013\/05\/figura2-199x300.jpg 199w, https:\/\/zeppelinsantiago.es\/wp-content\/uploads\/2013\/05\/figura2-681x1024.jpg 681w, https:\/\/zeppelinsantiago.es\/wp-content\/uploads\/2013\/05\/figura2-624x938.jpg 624w\" sizes=\"auto, (max-width: 316px) 100vw, 316px\" \/><\/a><a href=\"http:\/\/www.zeppelinsantiago.es\/wp-content\/uploads\/2013\/05\/decoracion3.jpg\"><img loading=\"lazy\" decoding=\"async\" class=\"alignnone size-full wp-image-466\" alt=\"Decoraci\u00f3n hinchable - Zeppelin Santiago\" src=\"http:\/\/www.zeppelinsantiago.es\/wp-content\/uploads\/2013\/05\/decoracion3.jpg\" width=\"109\" height=\"82\" srcset=\"https:\/\/zeppelinsantiago.es\/wp-content\/uploads\/2013\/05\/decoracion3.jpg 480w, https:\/\/zeppelinsantiago.es\/wp-content\/uploads\/2013\/05\/decoracion3-300x225.jpg 300w\" sizes=\"auto, (max-width: 109px) 100vw, 109px\" \/><\/a> <a href=\"http:\/\/www.zeppelinsantiago.es\/wp-content\/uploads\/2013\/05\/IMG_0344.jpg\"><img loading=\"lazy\" decoding=\"async\" class=\"alignnone size-full wp-image-598\" alt=\"Decoraci\u00f3n hinchable - Zeppelin Santiago\" src=\"http:\/\/www.zeppelinsantiago.es\/wp-content\/uploads\/2013\/05\/IMG_0344.jpg\" width=\"116\" height=\"81\" srcset=\"https:\/\/zeppelinsantiago.es\/wp-content\/uploads\/2013\/05\/IMG_0344.jpg 512w, https:\/\/zeppelinsantiago.es\/wp-content\/uploads\/2013\/05\/IMG_0344-300x212.jpg 300w\" sizes=\"auto, (max-width: 116px) 100vw, 116px\" \/><\/a> <a href=\"http:\/\/www.zeppelinsantiago.es\/wp-content\/uploads\/2013\/07\/201281922196335.jpg\"><img loading=\"lazy\" decoding=\"async\" class=\"alignnone size-full wp-image-686\" alt=\"201281922196335\" src=\"http:\/\/www.zeppelinsantiago.es\/wp-content\/uploads\/2013\/07\/201281922196335.jpg\" width=\"110\" height=\"82\" srcset=\"https:\/\/zeppelinsantiago.es\/wp-content\/uploads\/2013\/07\/201281922196335.jpg 480w, https:\/\/zeppelinsantiago.es\/wp-content\/uploads\/2013\/07\/201281922196335-300x225.jpg 300w\" sizes=\"auto, (max-width: 110px) 100vw, 110px\" \/><\/a> <a href=\"http:\/\/www.zeppelinsantiago.es\/wp-content\/uploads\/2013\/07\/captura4.jpg\"><img loading=\"lazy\" decoding=\"async\" class=\"alignnone size-full wp-image-695\" alt=\"captura4\" src=\"http:\/\/www.zeppelinsantiago.es\/wp-content\/uploads\/2013\/07\/captura4.jpg\" width=\"118\" height=\"74\" srcset=\"https:\/\/zeppelinsantiago.es\/wp-content\/uploads\/2013\/07\/captura4.jpg 620w, https:\/\/zeppelinsantiago.es\/wp-content\/uploads\/2013\/07\/captura4-300x191.jpg 300w\" sizes=\"auto, (max-width: 118px) 100vw, 118px\" \/><\/a><a href=\"http:\/\/www.zeppelinsantiago.es\/wp-content\/uploads\/2013\/07\/custom_inflatable_decoration_hang_ball_lighting_ball.jpg\"><img loading=\"lazy\" decoding=\"async\" class=\"size-full wp-image-698 alignnone\" alt=\"custom_inflatable_decoration_hang_ball_lighting_ball\" src=\"http:\/\/www.zeppelinsantiago.es\/wp-content\/uploads\/2013\/07\/custom_inflatable_decoration_hang_ball_lighting_ball.jpg\" width=\"123\" height=\"82\" srcset=\"https:\/\/zeppelinsantiago.es\/wp-content\/uploads\/2013\/07\/custom_inflatable_decoration_hang_ball_lighting_ball.jpg 600w, https:\/\/zeppelinsantiago.es\/wp-content\/uploads\/2013\/07\/custom_inflatable_decoration_hang_ball_lighting_ball-300x200.jpg 300w\" sizes=\"auto, (max-width: 123px) 100vw, 123px\" \/><\/a><a href=\"http:\/\/www.zeppelinsantiago.es\/wp-content\/uploads\/2013\/07\/201282001427485.jpg\"><img loading=\"lazy\" decoding=\"async\" class=\"alignnone size-full wp-image-687\" alt=\"201282001427485\" src=\"http:\/\/www.zeppelinsantiago.es\/wp-content\/uploads\/2013\/07\/201282001427485.jpg\" width=\"113\" height=\"87\" \/><\/a> <\/p>\n<p style=\"text-align: justify;\"><a href=\"http:\/\/www.zeppelinsantiago.es\/wp-content\/uploads\/2013\/05\/figura1.jpg\"><img loading=\"lazy\" decoding=\"async\" class=\"size-full wp-image-498 alignnone\" alt=\"Figuras - Zeppelin Santiago\" src=\"http:\/\/www.zeppelinsantiago.es\/wp-content\/uploads\/2013\/05\/figura1.jpg\" width=\"230\" height=\"172\" srcset=\"https:\/\/zeppelinsantiago.es\/wp-content\/uploads\/2013\/05\/figura1.jpg 800w, https:\/\/zeppelinsantiago.es\/wp-content\/uploads\/2013\/05\/figura1-300x225.jpg 300w, https:\/\/zeppelinsantiago.es\/wp-content\/uploads\/2013\/05\/figura1-624x468.jpg 624w\" sizes=\"auto, (max-width: 230px) 100vw, 230px\" \/><\/a><\/p>\n<div class=\"clear\"><\/div>\n<p> Nesta se\u00e7\u00e3o voc\u00ea encontrar\u00e1 v\u00e1rias formas infl\u00e1veis relacionadas ao Natal. Estas formas s\u00e3o \u00fateis para decora\u00e7\u00e3o de shoppings e sites diferentes que exigem uma decora\u00e7\u00e3o de Natal. Produtos que podem ser fabricados: bonecos de neve infl\u00e1veis, infl\u00e1vel \u00e1rvores Natal, infl\u00e1vel, Papai Noel, presentes gigantes infl\u00e1veis, enfeites de Natal, estrelas, bolas, etc&#8230; Tecido de poli\u00e9ster de alta resist\u00eancia faz com que nossos produtos tendo uma alta qualidade e resist\u00eancia para us\u00e1-los a v\u00e1rios anos. Possibilidade de colocar luzes para maior impacto visual.<\/p>","protected":false},"excerpt":{"rendered":"<p>Nesta se\u00e7\u00e3o voc\u00ea encontrar\u00e1 v\u00e1rias formas infl\u00e1veis relacionadas ao Natal. Estas formas s\u00e3o \u00fateis para decora\u00e7\u00e3o de shoppings e sites <span class=\"ver-mas\"><a href=\"https:\/\/zeppelinsantiago.es\/pt\/productos\/decoracoracionnsvidena\/\">&#43; info<\/a><\/span><\/p>\n","protected":false},"author":3,"featured_media":1214,"parent":11,"menu_order":1,"comment_status":"closed","ping_status":"closed","template":"","meta":{"_monsterinsights_skip_tracking":false,"_monsterinsights_sitenote_active":false,"_monsterinsights_sitenote_note":"","_monsterinsights_sitenote_category":0,"footnotes":""},"class_list":["post-1159","page","type-page","status-publish","has-post-thumbnail","hentry"],"aioseo_notices":[],"_links":{"self":[{"href":"https:\/\/zeppelinsantiago.es\/pt\/wp-json\/wp\/v2\/pages\/1159","targetHints":{"allow":["GET"]}}],"collection":[{"href":"https:\/\/zeppelinsantiago.es\/pt\/wp-json\/wp\/v2\/pages"}],"about":[{"href":"https:\/\/zeppelinsantiago.es\/pt\/wp-json\/wp\/v2\/types\/page"}],"author":[{"embeddable":true,"href":"https:\/\/zeppelinsantiago.es\/pt\/wp-json\/wp\/v2\/users\/3"}],"replies":[{"embeddable":true,"href":"https:\/\/zeppelinsantiago.es\/pt\/wp-json\/wp\/v2\/comments?post=1159"}],"version-history":[{"count":45,"href":"https:\/\/zeppelinsantiago.es\/pt\/wp-json\/wp\/v2\/pages\/1159\/revisions"}],"predecessor-version":[{"id":1255,"href":"https:\/\/zeppelinsantiago.es\/pt\/wp-json\/wp\/v2\/pages\/1159\/revisions\/1255"}],"up":[{"embeddable":true,"href":"https:\/\/zeppelinsantiago.es\/pt\/wp-json\/wp\/v2\/pages\/11"}],"wp:featuredmedia":[{"embeddable":true,"href":"https:\/\/zeppelinsantiago.es\/pt\/wp-json\/wp\/v2\/media\/1214"}],"wp:attachment":[{"href":"https:\/\/zeppelinsantiago.es\/pt\/wp-json\/wp\/v2\/media?parent=1159"}],"curies":[{"name":"wp","href":"https:\/\/api.w.org\/{rel}","templated":true}]}}