{"id":114,"date":"2013-05-23T14:32:48","date_gmt":"2013-05-23T14:32:48","guid":{"rendered":"http:\/\/www.zeppelinsantiago.es\/?page_id=114"},"modified":"2014-07-06T18:06:52","modified_gmt":"2014-07-06T18:06:52","slug":"zeppelines-a-radio-control","status":"publish","type":"page","link":"https:\/\/zeppelinsantiago.es\/pt\/productos\/zeppelines-a-radio-control\/","title":{"rendered":"Zeppelines a radio control"},"content":{"rendered":"<p><\/p>\n<h2>Indoor<\/h2>\n<p> Estos dirigibles consiguen atraer mucho m\u00e1s la atenci\u00f3n que la publicidad est\u00e1tica. Adem\u00e1s, sus motores el\u00e9ctricos son muy silenciosos e ideales para interiores y permiten que el operador los dirija seg\u00fan su conveniencia convirtiendo as\u00ed al zeppel\u00edn en un soporte publicitario din\u00e1mico que atraer\u00e1, a\u00fan m\u00e1s, la atenci\u00f3n del p\u00fablico. \n\t\t<style type=\"text\/css\">\n\t\t\t#gallery-7 {\n\t\t\t\tmargin: auto;\n\t\t\t}\n\t\t\t#gallery-7 .gallery-item {\n\t\t\t\tfloat: left;\n\t\t\t\tmargin-top: 10px;\n\t\t\t\ttext-align: center;\n\t\t\t\twidth: 25%;\n\t\t\t}\n\t\t\t#gallery-7 img {\n\t\t\t\tborder: 2px solid #cfcfcf;\n\t\t\t}\n\t\t\t#gallery-7 .gallery-caption {\n\t\t\t\tmargin-left: 0;\n\t\t\t}\n\t\t\t\/* see gallery_shortcode() in wp-includes\/media.php *\/\n\t\t<\/style>\n\t\t<div id='gallery-7' class='gallery galleryid-114 gallery-columns-4 gallery-size-thumbnail'><dl class='gallery-item'>\n\t\t\t<dt class='gallery-icon landscape'>\n\t\t\t\t<a href='https:\/\/zeppelinsantiago.es\/wp-content\/uploads\/2013\/05\/indoor1.jpg'><img loading=\"lazy\" decoding=\"async\" width=\"150\" height=\"150\" src=\"https:\/\/zeppelinsantiago.es\/wp-content\/uploads\/2013\/05\/indoor1-150x150.jpg\" class=\"attachment-thumbnail size-thumbnail\" alt=\"Zeppelines de radio control -Zeppelin Santiago\" srcset=\"https:\/\/zeppelinsantiago.es\/wp-content\/uploads\/2013\/05\/indoor1-150x150.jpg 150w, https:\/\/zeppelinsantiago.es\/wp-content\/uploads\/2013\/05\/indoor1-90x90.jpg 90w, https:\/\/zeppelinsantiago.es\/wp-content\/uploads\/2013\/05\/indoor1-300x300.jpg 300w\" sizes=\"auto, (max-width: 150px) 100vw, 150px\" \/><\/a>\n\t\t\t<\/dt><\/dl><dl class='gallery-item'>\n\t\t\t<dt class='gallery-icon landscape'>\n\t\t\t\t<a href='https:\/\/zeppelinsantiago.es\/wp-content\/uploads\/2013\/05\/indoor2.jpg'><img loading=\"lazy\" decoding=\"async\" width=\"150\" height=\"150\" src=\"https:\/\/zeppelinsantiago.es\/wp-content\/uploads\/2013\/05\/indoor2-150x150.jpg\" class=\"attachment-thumbnail size-thumbnail\" alt=\"Zeppelines de radio control -Zeppelin Santiago\" srcset=\"https:\/\/zeppelinsantiago.es\/wp-content\/uploads\/2013\/05\/indoor2-150x150.jpg 150w, https:\/\/zeppelinsantiago.es\/wp-content\/uploads\/2013\/05\/indoor2-90x90.jpg 90w, https:\/\/zeppelinsantiago.es\/wp-content\/uploads\/2013\/05\/indoor2-300x300.jpg 300w\" sizes=\"auto, (max-width: 150px) 100vw, 150px\" \/><\/a>\n\t\t\t<\/dt><\/dl><dl class='gallery-item'>\n\t\t\t<dt class='gallery-icon landscape'>\n\t\t\t\t<a href='https:\/\/zeppelinsantiago.es\/wp-content\/uploads\/2013\/05\/indoor3.jpg'><img loading=\"lazy\" decoding=\"async\" width=\"150\" height=\"150\" src=\"https:\/\/zeppelinsantiago.es\/wp-content\/uploads\/2013\/05\/indoor3-150x150.jpg\" class=\"attachment-thumbnail size-thumbnail\" alt=\"Zeppelines de radio control -Zeppelin Santiago\" srcset=\"https:\/\/zeppelinsantiago.es\/wp-content\/uploads\/2013\/05\/indoor3-150x150.jpg 150w, https:\/\/zeppelinsantiago.es\/wp-content\/uploads\/2013\/05\/indoor3-90x90.jpg 90w, https:\/\/zeppelinsantiago.es\/wp-content\/uploads\/2013\/05\/indoor3-300x300.jpg 300w\" sizes=\"auto, (max-width: 150px) 100vw, 150px\" \/><\/a>\n\t\t\t<\/dt><\/dl><dl class='gallery-item'>\n\t\t\t<dt class='gallery-icon portrait'>\n\t\t\t\t<a href='https:\/\/zeppelinsantiago.es\/wp-content\/uploads\/2013\/05\/indoor4.jpg'><img loading=\"lazy\" decoding=\"async\" width=\"150\" height=\"150\" src=\"https:\/\/zeppelinsantiago.es\/wp-content\/uploads\/2013\/05\/indoor4-150x150.jpg\" class=\"attachment-thumbnail size-thumbnail\" alt=\"\" srcset=\"https:\/\/zeppelinsantiago.es\/wp-content\/uploads\/2013\/05\/indoor4-150x150.jpg 150w, https:\/\/zeppelinsantiago.es\/wp-content\/uploads\/2013\/05\/indoor4-90x90.jpg 90w, https:\/\/zeppelinsantiago.es\/wp-content\/uploads\/2013\/05\/indoor4-300x300.jpg 300w\" sizes=\"auto, (max-width: 150px) 100vw, 150px\" \/><\/a>\n\t\t\t<\/dt><\/dl><br style=\"clear: both\" \/>\n\t\t<\/div>\n Dirigibles de 2,5-3-4,5 y 6 metros de longitud. <\/p>\n<table>\n<tbody>\n<tr>\n<th>Tama\u00f1o<\/th>\n<th>Precio<\/th>\n<\/tr>\n<tr>\n<td>2,4 M<\/td>\n<td><p class=\"product woocommerce add_to_cart_inline \" style=\"border:4px solid #ccc; padding: 12px;\"><span class=\"woocommerce-Price-amount amount\"><bdi><span class=\"woocommerce-Price-currencySymbol\">&euro;<\/span>2,470.00<\/bdi><\/span><a href=\"\/pt\/wp-json\/wp\/v2\/pages\/114?add-to-cart=945\" aria-describedby=\"woocommerce_loop_add_to_cart_link_describedby_945\" data-quantity=\"1\" class=\"button product_type_simple add_to_cart_button ajax_add_to_cart\" data-product_id=\"945\" data-product_sku=\"ZRCI24\" aria-label=\"Adicione ao carrinho: &ldquo;Zeppelin R\/C Interior 2,4mZeppelin R\/C Interior 2,4mZeppelin R\/C Interior 2,4m&rdquo;\" rel=\"nofollow\" data-success_message=\"\u201c&lt;!--:es--&gt;Zeppelin R\/C Interior 2,4m&lt;!--:--&gt;&lt;!--:en--&gt;Zeppelin R\/C Interior 2,4m&lt;!--:--&gt;&lt;!--:pt--&gt;Zeppelin R\/C Interior 2,4m&lt;!--:--&gt;\u201d foi adicionado ao seu carrinho\" role=\"button\">Adicionar ao carrinho<\/a>\t<span id=\"woocommerce_loop_add_to_cart_link_describedby_945\" class=\"screen-reader-text\">\n\t\t\t<\/span>\n<\/p><\/td>\n<\/tr>\n<tr>\n<td>3 M<\/td>\n<td><p class=\"product woocommerce add_to_cart_inline \" style=\"border:4px solid #ccc; padding: 12px;\"><span class=\"woocommerce-Price-amount amount\"><bdi><span class=\"woocommerce-Price-currencySymbol\">&euro;<\/span>2,770.00<\/bdi><\/span><a href=\"\/pt\/wp-json\/wp\/v2\/pages\/114?add-to-cart=946\" aria-describedby=\"woocommerce_loop_add_to_cart_link_describedby_946\" data-quantity=\"1\" class=\"button product_type_simple add_to_cart_button ajax_add_to_cart\" data-product_id=\"946\" data-product_sku=\"ZRCI3\" aria-label=\"Adicione ao carrinho: &ldquo;Zeppelin R\/C Interior 3mZeppelin R\/C Interior 3mZeppelin R\/C Interior 3m&rdquo;\" rel=\"nofollow\" data-success_message=\"\u201c&lt;!--:es--&gt;Zeppelin R\/C Interior 3m&lt;!--:--&gt;&lt;!--:en--&gt;Zeppelin R\/C Interior 3m&lt;!--:--&gt;&lt;!--:pt--&gt;Zeppelin R\/C Interior 3m&lt;!--:--&gt;\u201d foi adicionado ao seu carrinho\" role=\"button\">Adicionar ao carrinho<\/a>\t<span id=\"woocommerce_loop_add_to_cart_link_describedby_946\" class=\"screen-reader-text\">\n\t\t\t<\/span>\n<\/p><\/td>\n<\/tr>\n<tr>\n<td>3,5 M<\/td>\n<td><p class=\"product woocommerce add_to_cart_inline \" style=\"border:4px solid #ccc; padding: 12px;\"><span class=\"woocommerce-Price-amount amount\"><bdi><span class=\"woocommerce-Price-currencySymbol\">&euro;<\/span>2,950.00<\/bdi><\/span><a href=\"\/pt\/wp-json\/wp\/v2\/pages\/114?add-to-cart=947\" aria-describedby=\"woocommerce_loop_add_to_cart_link_describedby_947\" data-quantity=\"1\" class=\"button product_type_simple add_to_cart_button ajax_add_to_cart\" data-product_id=\"947\" data-product_sku=\"ZRCI35\" aria-label=\"Adicione ao carrinho: &ldquo;Zeppelin R\/C Interior 3,5mZeppelin R\/C Interior 3,5mZeppelin R\/C Interior 3,5m&rdquo;\" rel=\"nofollow\" data-success_message=\"\u201c&lt;!--:es--&gt;Zeppelin R\/C Interior 3,5m&lt;!--:--&gt;&lt;!--:en--&gt;Zeppelin R\/C Interior 3,5m&lt;!--:--&gt;&lt;!--:pt--&gt;Zeppelin R\/C Interior 3,5m&lt;!--:--&gt;\u201d foi adicionado ao seu carrinho\" role=\"button\">Adicionar ao carrinho<\/a>\t<span id=\"woocommerce_loop_add_to_cart_link_describedby_947\" class=\"screen-reader-text\">\n\t\t\t<\/span>\n<\/p><\/td>\n<\/tr>\n<tr>\n<td>4 M<\/td>\n<td><p class=\"product woocommerce add_to_cart_inline \" style=\"border:4px solid #ccc; padding: 12px;\"><span class=\"woocommerce-Price-amount amount\"><bdi><span class=\"woocommerce-Price-currencySymbol\">&euro;<\/span>3,350.00<\/bdi><\/span><a href=\"\/pt\/wp-json\/wp\/v2\/pages\/114?add-to-cart=948\" aria-describedby=\"woocommerce_loop_add_to_cart_link_describedby_948\" data-quantity=\"1\" class=\"button product_type_simple add_to_cart_button ajax_add_to_cart\" data-product_id=\"948\" data-product_sku=\"ZRCI4\" aria-label=\"Adicione ao carrinho: &ldquo;Zeppelin R\/C Interior 4mZeppelin R\/C Interior 4mZeppelin R\/C Interior 4m&rdquo;\" rel=\"nofollow\" data-success_message=\"\u201c&lt;!--:es--&gt;Zeppelin R\/C Interior 4m&lt;!--:--&gt;&lt;!--:en--&gt;Zeppelin R\/C Interior 4m&lt;!--:--&gt;&lt;!--:pt--&gt;Zeppelin R\/C Interior 4m&lt;!--:--&gt;\u201d foi adicionado ao seu carrinho\" role=\"button\">Adicionar ao carrinho<\/a>\t<span id=\"woocommerce_loop_add_to_cart_link_describedby_948\" class=\"screen-reader-text\">\n\t\t\t<\/span>\n<\/p><\/td>\n<\/tr>\n<\/tbody>\n<\/table>\n<p> Tambi\u00e9n es posible encargarlo con la decoraci\u00f3n ya impresa mediante (base de uretano) para que no se rompa una vez desinflado y mantenga su apariencia en perfecto estado durante los sucesivos inflados. El lote lo incluye todo menos el helio:Disponible en 27 colores para el cuerpo y las aletas de cola. Sin sobreprecio por escoger color. Equipo de control remoto de 4 canales en FM (la mejor modulaci\u00f3n) de marca de reconocido prestigio. M\u00e1s de 500 metros de alcance. <\/p>\n<ul>\n<li>G\u00f3ndola con dos motores y 220 grados de inclinaci\u00f3n.<\/li>\n<li>Motores de cola.<\/li>\n<li>2 juegos de bater\u00edas.<\/li>\n<li>Cargador r\u00e1pido.<\/li>\n<li>Volt\u00edmetro externo para controlar en todo momento el estado de las bater\u00edas.<\/li>\n<li>Mecanismo de suelta de objetos durante el vuelo.<\/li>\n<li>Metro y medio de manguera para el hinchado de helio.<\/li>\n<li>Kit de reparaci\u00f3n de pinchazos.<\/li>\n<li>Manual de instrucciones.<\/li>\n<\/ul>\n<p> httpv:\/\/www.youtube.com\/watch?v=zlr_DIkWIKo <span style=\"color: #3366ff;\">Reportaje de grabaci\u00f3n de video a\u00e9reo en recintos cerrados<\/span> httpv:\/\/www.youtube.com\/watch?v=0GU6LQ_T3UA <\/p>\n<h2>Outdoor<\/h2>\n\n\t\t<style type=\"text\/css\">\n\t\t\t#gallery-8 {\n\t\t\t\tmargin: auto;\n\t\t\t}\n\t\t\t#gallery-8 .gallery-item {\n\t\t\t\tfloat: left;\n\t\t\t\tmargin-top: 10px;\n\t\t\t\ttext-align: center;\n\t\t\t\twidth: 20%;\n\t\t\t}\n\t\t\t#gallery-8 img {\n\t\t\t\tborder: 2px solid #cfcfcf;\n\t\t\t}\n\t\t\t#gallery-8 .gallery-caption {\n\t\t\t\tmargin-left: 0;\n\t\t\t}\n\t\t\t\/* see gallery_shortcode() in wp-includes\/media.php *\/\n\t\t<\/style>\n\t\t<div id='gallery-8' class='gallery galleryid-114 gallery-columns-5 gallery-size-thumbnail'><dl class='gallery-item'>\n\t\t\t<dt class='gallery-icon landscape'>\n\t\t\t\t<a href='https:\/\/zeppelinsantiago.es\/wp-content\/uploads\/2013\/05\/outdoor1.jpg'><img loading=\"lazy\" decoding=\"async\" width=\"150\" height=\"150\" src=\"https:\/\/zeppelinsantiago.es\/wp-content\/uploads\/2013\/05\/outdoor1-150x150.jpg\" class=\"attachment-thumbnail size-thumbnail\" alt=\"Zeppelines de radio control - Zeppelin Santiago\" srcset=\"https:\/\/zeppelinsantiago.es\/wp-content\/uploads\/2013\/05\/outdoor1-150x150.jpg 150w, https:\/\/zeppelinsantiago.es\/wp-content\/uploads\/2013\/05\/outdoor1-90x90.jpg 90w\" sizes=\"auto, (max-width: 150px) 100vw, 150px\" \/><\/a>\n\t\t\t<\/dt><\/dl><dl class='gallery-item'>\n\t\t\t<dt class='gallery-icon landscape'>\n\t\t\t\t<a href='https:\/\/zeppelinsantiago.es\/wp-content\/uploads\/2013\/05\/outdoor2.jpg'><img loading=\"lazy\" decoding=\"async\" width=\"150\" height=\"150\" src=\"https:\/\/zeppelinsantiago.es\/wp-content\/uploads\/2013\/05\/outdoor2-150x150.jpg\" class=\"attachment-thumbnail size-thumbnail\" alt=\"Zeppelines de radio control - Zeppelin Santiago\" srcset=\"https:\/\/zeppelinsantiago.es\/wp-content\/uploads\/2013\/05\/outdoor2-150x150.jpg 150w, https:\/\/zeppelinsantiago.es\/wp-content\/uploads\/2013\/05\/outdoor2-90x90.jpg 90w, https:\/\/zeppelinsantiago.es\/wp-content\/uploads\/2013\/05\/outdoor2-300x300.jpg 300w\" sizes=\"auto, (max-width: 150px) 100vw, 150px\" \/><\/a>\n\t\t\t<\/dt><\/dl><dl class='gallery-item'>\n\t\t\t<dt class='gallery-icon landscape'>\n\t\t\t\t<a href='https:\/\/zeppelinsantiago.es\/wp-content\/uploads\/2013\/05\/outdoor3.jpg'><img loading=\"lazy\" decoding=\"async\" width=\"150\" height=\"150\" src=\"https:\/\/zeppelinsantiago.es\/wp-content\/uploads\/2013\/05\/outdoor3-150x150.jpg\" class=\"attachment-thumbnail size-thumbnail\" alt=\"Zeppelines de radio control - Zeppelin Santiago\" srcset=\"https:\/\/zeppelinsantiago.es\/wp-content\/uploads\/2013\/05\/outdoor3-150x150.jpg 150w, https:\/\/zeppelinsantiago.es\/wp-content\/uploads\/2013\/05\/outdoor3-90x90.jpg 90w\" sizes=\"auto, (max-width: 150px) 100vw, 150px\" \/><\/a>\n\t\t\t<\/dt><\/dl><dl class='gallery-item'>\n\t\t\t<dt class='gallery-icon landscape'>\n\t\t\t\t<a href='https:\/\/zeppelinsantiago.es\/wp-content\/uploads\/2013\/05\/outdoor4.jpg'><img loading=\"lazy\" decoding=\"async\" width=\"150\" height=\"150\" src=\"https:\/\/zeppelinsantiago.es\/wp-content\/uploads\/2013\/05\/outdoor4-150x150.jpg\" class=\"attachment-thumbnail size-thumbnail\" alt=\"Zeppelines de radio control - Zeppelin Santiago\" srcset=\"https:\/\/zeppelinsantiago.es\/wp-content\/uploads\/2013\/05\/outdoor4-150x150.jpg 150w, https:\/\/zeppelinsantiago.es\/wp-content\/uploads\/2013\/05\/outdoor4-90x90.jpg 90w, https:\/\/zeppelinsantiago.es\/wp-content\/uploads\/2013\/05\/outdoor4-300x300.jpg 300w\" sizes=\"auto, (max-width: 150px) 100vw, 150px\" \/><\/a>\n\t\t\t<\/dt><\/dl><dl class='gallery-item'>\n\t\t\t<dt class='gallery-icon landscape'>\n\t\t\t\t<a href='https:\/\/zeppelinsantiago.es\/wp-content\/uploads\/2013\/05\/outdoor5.jpg'><img loading=\"lazy\" decoding=\"async\" width=\"150\" height=\"150\" src=\"https:\/\/zeppelinsantiago.es\/wp-content\/uploads\/2013\/05\/outdoor5-150x150.jpg\" class=\"attachment-thumbnail size-thumbnail\" alt=\"Zeppelines de radio control - Zeppelin Santiago\" srcset=\"https:\/\/zeppelinsantiago.es\/wp-content\/uploads\/2013\/05\/outdoor5-150x150.jpg 150w, https:\/\/zeppelinsantiago.es\/wp-content\/uploads\/2013\/05\/outdoor5-90x90.jpg 90w\" sizes=\"auto, (max-width: 150px) 100vw, 150px\" \/><\/a>\n\t\t\t<\/dt><\/dl><br style=\"clear: both\" \/>\n\t\t<\/div>\n\n<table>\n<tbody>\n<tr>\n<td>Tama\u00f1o<\/td>\n<td>pintura<\/td>\n<td>Precio<\/td>\n<\/tr>\n<tr>\n<td>6 M<\/td>\n<td>liso<\/td>\n<td><p class=\"product woocommerce add_to_cart_inline \" style=\"border:4px solid #ccc; padding: 12px;\"><span class=\"woocommerce-Price-amount amount\"><bdi><span class=\"woocommerce-Price-currencySymbol\">&euro;<\/span>5,890.00<\/bdi><\/span><a href=\"\/pt\/wp-json\/wp\/v2\/pages\/114?add-to-cart=910\" aria-describedby=\"woocommerce_loop_add_to_cart_link_describedby_910\" data-quantity=\"1\" class=\"button product_type_simple add_to_cart_button ajax_add_to_cart\" data-product_id=\"910\" data-product_sku=\"ZRC6\" aria-label=\"Adicione ao carrinho: &ldquo;Zeppelin 6m R\/C OutDoorZeppelin 6m R\/C OutDoorZeppelin 6m R\/C OutDoor&rdquo;\" rel=\"nofollow\" data-success_message=\"\u201c&lt;!--:es--&gt;Zeppelin 6m R\/C OutDoor&lt;!--:--&gt;&lt;!--:en--&gt;Zeppelin 6m R\/C OutDoor&lt;!--:--&gt;&lt;!--:pt--&gt;Zeppelin 6m R\/C OutDoor&lt;!--:--&gt;\u201d foi adicionado ao seu carrinho\" role=\"button\">Adicionar ao carrinho<\/a>\t<span id=\"woocommerce_loop_add_to_cart_link_describedby_910\" class=\"screen-reader-text\">\n\t\t\t<\/span>\n<\/p><\/td>\n<\/tr>\n<tr>\n<td>6 M<\/td>\n<td>Pintado a 1 color<\/td>\n<td><p class=\"product woocommerce add_to_cart_inline \" style=\"border:4px solid #ccc; padding: 12px;\"><span class=\"woocommerce-Price-amount amount\"><bdi><span class=\"woocommerce-Price-currencySymbol\">&euro;<\/span>6,150.00<\/bdi><\/span><a href=\"\/pt\/wp-json\/wp\/v2\/pages\/114?add-to-cart=911\" aria-describedby=\"woocommerce_loop_add_to_cart_link_describedby_911\" data-quantity=\"1\" class=\"button product_type_simple add_to_cart_button ajax_add_to_cart\" data-product_id=\"911\" data-product_sku=\"ZRC6A\" aria-label=\"Adicione ao carrinho: &ldquo;Zeppelin 6m R\/C OutDoor (pintado 1 color)Zeppelin 6m R\/C OutDoor (pintado 1 color)Zeppelin 6m R\/C OutDoor (pintado 1 color)&rdquo;\" rel=\"nofollow\" data-success_message=\"\u201c&lt;!--:es--&gt;Zeppelin 6m R\/C OutDoor (pintado 1 color)&lt;!--:--&gt;&lt;!--:en--&gt;Zeppelin 6m R\/C OutDoor (pintado 1 color)&lt;!--:--&gt;&lt;!--:pt--&gt;Zeppelin 6m R\/C OutDoor (pintado 1 color)&lt;!--:--&gt;\u201d foi adicionado ao seu carrinho\" role=\"button\">Adicionar ao carrinho<\/a>\t<span id=\"woocommerce_loop_add_to_cart_link_describedby_911\" class=\"screen-reader-text\">\n\t\t\t<\/span>\n<\/p><\/td>\n<\/tr>\n<tr>\n<td>6 M<\/td>\n<td>Pintado a 1 color<\/td>\n<td><p class=\"product woocommerce add_to_cart_inline \" style=\"border:4px solid #ccc; padding: 12px;\"><span class=\"woocommerce-Price-amount amount\"><bdi><span class=\"woocommerce-Price-currencySymbol\">&euro;<\/span>6,250.00<\/bdi><\/span><a href=\"\/pt\/wp-json\/wp\/v2\/pages\/114?add-to-cart=912\" aria-describedby=\"woocommerce_loop_add_to_cart_link_describedby_912\" data-quantity=\"1\" class=\"button product_type_simple add_to_cart_button ajax_add_to_cart\" data-product_id=\"912\" data-product_sku=\"ZRC6B\" aria-label=\"Adicione ao carrinho: &ldquo;Zeppelin 6m R\/C OutDoor (pintado 1 color) (B)Zeppelin 6m R\/C OutDoor (pintado 1 color) (B)Zeppelin 6m R\/C OutDoor (pintado 1 color) (B)&rdquo;\" rel=\"nofollow\" data-success_message=\"\u201c&lt;!--:es--&gt;Zeppelin 6m R\/C OutDoor (pintado 1 color) (B)&lt;!--:--&gt;&lt;!--:en--&gt;Zeppelin 6m R\/C OutDoor (pintado 1 color) (B)&lt;!--:--&gt;&lt;!--:pt--&gt;Zeppelin 6m R\/C OutDoor (pintado 1 color) (B)&lt;!--:--&gt;\u201d foi adicionado ao seu carrinho\" role=\"button\">Adicionar ao carrinho<\/a>\t<span id=\"woocommerce_loop_add_to_cart_link_describedby_912\" class=\"screen-reader-text\">\n\t\t\t<\/span>\n<\/p><\/td>\n<\/tr>\n<\/tbody>\n<\/table>\n<p> httpv:\/\/www.youtube.com\/watch?v=fM2mEcsljHc httpv:\/\/www.youtube.com\/watch?v=8eugQ3PcKHo httpv:\/\/www.youtube.com\/watch?v=sBy2pFNQx8w <\/p>\n<h2>Formas especiales de radio control<\/h2>\n<p> Disponemos de la \u00faltima tecnolog\u00eda 3D para el dise\u00f1o de cualquier tipo de hinchable. D\u00edganos cu\u00e1l es su forma deseada, logotipo o mascota y nosotros la fabricaremos y la haremos volar. \n\t\t<style type=\"text\/css\">\n\t\t\t#gallery-9 {\n\t\t\t\tmargin: auto;\n\t\t\t}\n\t\t\t#gallery-9 .gallery-item {\n\t\t\t\tfloat: left;\n\t\t\t\tmargin-top: 10px;\n\t\t\t\ttext-align: center;\n\t\t\t\twidth: 100%;\n\t\t\t}\n\t\t\t#gallery-9 img {\n\t\t\t\tborder: 2px solid #cfcfcf;\n\t\t\t}\n\t\t\t#gallery-9 .gallery-caption {\n\t\t\t\tmargin-left: 0;\n\t\t\t}\n\t\t\t\/* see gallery_shortcode() in wp-includes\/media.php *\/\n\t\t<\/style>\n\t\t<div id='gallery-9' class='gallery galleryid-114 gallery-columns-1 gallery-size-thumbnail'><dl class='gallery-item'>\n\t\t\t<dt class='gallery-icon landscape'>\n\t\t\t\t<a href='https:\/\/zeppelinsantiago.es\/wp-content\/uploads\/2013\/05\/especial.jpg'><img loading=\"lazy\" decoding=\"async\" width=\"150\" height=\"150\" src=\"https:\/\/zeppelinsantiago.es\/wp-content\/uploads\/2013\/05\/especial-150x150.jpg\" class=\"attachment-thumbnail size-thumbnail\" alt=\"Zeppelines de radio control - Zeppelin Santiago\" srcset=\"https:\/\/zeppelinsantiago.es\/wp-content\/uploads\/2013\/05\/especial-150x150.jpg 150w, https:\/\/zeppelinsantiago.es\/wp-content\/uploads\/2013\/05\/especial-90x90.jpg 90w, https:\/\/zeppelinsantiago.es\/wp-content\/uploads\/2013\/05\/especial-300x300.jpg 300w\" sizes=\"auto, (max-width: 150px) 100vw, 150px\" \/><\/a>\n\t\t\t<\/dt><\/dl><br style=\"clear: both\" \/>\n\t\t<\/div>\n <\/p>\n<blockquote><p><a href=\"http:\/\/www.zeppelinsantiago.es\/contacto\/\" title=\"Contacto\">El precio de la forma inflable de helio r.c. variar\u00e1 en funci\u00f3n de la forma y el tama\u00f1o. P\u00eddanos presupuesto.<\/a><\/p><\/blockquote>\n<p> httpv:\/\/www.youtube.com\/watch?v=r_BOxkXgtZA<\/p>","protected":false},"excerpt":{"rendered":"<p>Indoor Estos dirigibles consiguen atraer mucho m\u00e1s la atenci\u00f3n que la publicidad est\u00e1tica. Adem\u00e1s, sus motores el\u00e9ctricos son muy silenciosos <span class=\"ver-mas\"><a href=\"https:\/\/zeppelinsantiago.es\/pt\/productos\/zeppelines-a-radio-control\/\">&#43; info<\/a><\/span><\/p>\n","protected":false},"author":3,"featured_media":234,"parent":11,"menu_order":4,"comment_status":"closed","ping_status":"closed","template":"","meta":{"_monsterinsights_skip_tracking":false,"_monsterinsights_sitenote_active":false,"_monsterinsights_sitenote_note":"","_monsterinsights_sitenote_category":0,"footnotes":""},"class_list":["post-114","page","type-page","status-publish","has-post-thumbnail","hentry"],"aioseo_notices":[],"_links":{"self":[{"href":"https:\/\/zeppelinsantiago.es\/pt\/wp-json\/wp\/v2\/pages\/114","targetHints":{"allow":["GET"]}}],"collection":[{"href":"https:\/\/zeppelinsantiago.es\/pt\/wp-json\/wp\/v2\/pages"}],"about":[{"href":"https:\/\/zeppelinsantiago.es\/pt\/wp-json\/wp\/v2\/types\/page"}],"author":[{"embeddable":true,"href":"https:\/\/zeppelinsantiago.es\/pt\/wp-json\/wp\/v2\/users\/3"}],"replies":[{"embeddable":true,"href":"https:\/\/zeppelinsantiago.es\/pt\/wp-json\/wp\/v2\/comments?post=114"}],"version-history":[{"count":23,"href":"https:\/\/zeppelinsantiago.es\/pt\/wp-json\/wp\/v2\/pages\/114\/revisions"}],"predecessor-version":[{"id":1239,"href":"https:\/\/zeppelinsantiago.es\/pt\/wp-json\/wp\/v2\/pages\/114\/revisions\/1239"}],"up":[{"embeddable":true,"href":"https:\/\/zeppelinsantiago.es\/pt\/wp-json\/wp\/v2\/pages\/11"}],"wp:featuredmedia":[{"embeddable":true,"href":"https:\/\/zeppelinsantiago.es\/pt\/wp-json\/wp\/v2\/media\/234"}],"wp:attachment":[{"href":"https:\/\/zeppelinsantiago.es\/pt\/wp-json\/wp\/v2\/media?parent=114"}],"curies":[{"name":"wp","href":"https:\/\/api.w.org\/{rel}","templated":true}]}}