{"id":113,"date":"2013-06-20T14:32:32","date_gmt":"2013-06-20T14:32:32","guid":{"rendered":"http:\/\/www.zeppelinsantiago.es\/?page_id=113"},"modified":"2013-08-13T08:03:03","modified_gmt":"2013-08-13T08:03:03","slug":"zeppelines-cautivos","status":"publish","type":"page","link":"https:\/\/zeppelinsantiago.es\/pt\/productos\/zeppelines-cautivos\/","title":{"rendered":"Zeppelines cautivos"},"content":{"rendered":"<p><\/p>\n<p style=\"text-align: justify;\"><a href=\"http:\/\/www.zeppelinsantiago.es\/wp-content\/uploads\/2013\/06\/Corona-Lima.jpg\"><img loading=\"lazy\" decoding=\"async\" class=\"size-medium wp-image-803 alignleft\" alt=\"Corona Lima\" src=\"http:\/\/www.zeppelinsantiago.es\/wp-content\/uploads\/2013\/06\/Corona-Lima-300x225.jpg\" width=\"300\" height=\"225\" srcset=\"https:\/\/zeppelinsantiago.es\/wp-content\/uploads\/2013\/06\/Corona-Lima-300x225.jpg 300w, https:\/\/zeppelinsantiago.es\/wp-content\/uploads\/2013\/06\/Corona-Lima.jpg 500w\" sizes=\"auto, (max-width: 300px) 100vw, 300px\" \/><\/a>Los zeppelines son el soporte publicitario de m\u00e1s r\u00e1pida implantaci\u00f3n en la actualidad, por ello, tener uno en propiedad le ser\u00e1 altamente rentable. Cuando su zeppel\u00edn est\u00e9 volando en el cielo todo el mundo alrededor podr\u00e1 verle, le conocer\u00e1n y sabr\u00e1n de su negocio.<br \/>\nNuestros zeppelines est\u00e1n dise\u00f1ados para atraer a la gente que pase por su emplazamiento, siendo muy probable que se conviertan en sus nuevos clientes. Los zeppelines son usados como reclamo en grandes aperturas, establecimientos de venta al por menor, ferias, rebajas, festivales y todo tipo de reuniones y eventos que necesiten de notoriedad.<br \/>\n\n\t\t<style type=\"text\/css\">\n\t\t\t#gallery-7 {\n\t\t\t\tmargin: auto;\n\t\t\t}\n\t\t\t#gallery-7 .gallery-item {\n\t\t\t\tfloat: left;\n\t\t\t\tmargin-top: 10px;\n\t\t\t\ttext-align: center;\n\t\t\t\twidth: 33%;\n\t\t\t}\n\t\t\t#gallery-7 img {\n\t\t\t\tborder: 2px solid #cfcfcf;\n\t\t\t}\n\t\t\t#gallery-7 .gallery-caption {\n\t\t\t\tmargin-left: 0;\n\t\t\t}\n\t\t\t\/* see gallery_shortcode() in wp-includes\/media.php *\/\n\t\t<\/style>\n\t\t<div id='gallery-7' class='gallery galleryid-113 gallery-columns-3 gallery-size-thumbnail'><dl class='gallery-item'>\n\t\t\t<dt class='gallery-icon landscape'>\n\t\t\t\t<a href='https:\/\/zeppelinsantiago.es\/wp-content\/uploads\/2013\/05\/cautivo1.jpg'><img loading=\"lazy\" decoding=\"async\" width=\"150\" height=\"150\" src=\"https:\/\/zeppelinsantiago.es\/wp-content\/uploads\/2013\/05\/cautivo1-150x150.jpg\" class=\"attachment-thumbnail size-thumbnail\" alt=\"Zeppelines cautivos - Zeppelin Santiago\" srcset=\"https:\/\/zeppelinsantiago.es\/wp-content\/uploads\/2013\/05\/cautivo1-150x150.jpg 150w, https:\/\/zeppelinsantiago.es\/wp-content\/uploads\/2013\/05\/cautivo1-90x90.jpg 90w, https:\/\/zeppelinsantiago.es\/wp-content\/uploads\/2013\/05\/cautivo1-300x300.jpg 300w\" sizes=\"auto, (max-width: 150px) 100vw, 150px\" \/><\/a>\n\t\t\t<\/dt><\/dl><dl class='gallery-item'>\n\t\t\t<dt class='gallery-icon landscape'>\n\t\t\t\t<a href='https:\/\/zeppelinsantiago.es\/wp-content\/uploads\/2013\/05\/cautivo2.jpg'><img loading=\"lazy\" decoding=\"async\" width=\"150\" height=\"150\" src=\"https:\/\/zeppelinsantiago.es\/wp-content\/uploads\/2013\/05\/cautivo2-150x150.jpg\" class=\"attachment-thumbnail size-thumbnail\" alt=\"Zeppelines cautivos - Zeppelin Santiago\" srcset=\"https:\/\/zeppelinsantiago.es\/wp-content\/uploads\/2013\/05\/cautivo2-150x150.jpg 150w, https:\/\/zeppelinsantiago.es\/wp-content\/uploads\/2013\/05\/cautivo2-90x90.jpg 90w, https:\/\/zeppelinsantiago.es\/wp-content\/uploads\/2013\/05\/cautivo2-300x300.jpg 300w\" sizes=\"auto, (max-width: 150px) 100vw, 150px\" \/><\/a>\n\t\t\t<\/dt><\/dl><dl class='gallery-item'>\n\t\t\t<dt class='gallery-icon landscape'>\n\t\t\t\t<a href='https:\/\/zeppelinsantiago.es\/wp-content\/uploads\/2013\/05\/cautivo3.jpg'><img loading=\"lazy\" decoding=\"async\" width=\"150\" height=\"150\" src=\"https:\/\/zeppelinsantiago.es\/wp-content\/uploads\/2013\/05\/cautivo3-150x150.jpg\" class=\"attachment-thumbnail size-thumbnail\" alt=\"Zeppelines cautivos - Zeppelin Santiago\" srcset=\"https:\/\/zeppelinsantiago.es\/wp-content\/uploads\/2013\/05\/cautivo3-150x150.jpg 150w, https:\/\/zeppelinsantiago.es\/wp-content\/uploads\/2013\/05\/cautivo3-90x90.jpg 90w, https:\/\/zeppelinsantiago.es\/wp-content\/uploads\/2013\/05\/cautivo3-300x300.jpg 300w\" sizes=\"auto, (max-width: 150px) 100vw, 150px\" \/><\/a>\n\t\t\t<\/dt><\/dl><br style=\"clear: both\" \/>\n\t\t<\/div>\n<\/p>\n\n\t\t<style type=\"text\/css\">\n\t\t\t#gallery-8 {\n\t\t\t\tmargin: auto;\n\t\t\t}\n\t\t\t#gallery-8 .gallery-item {\n\t\t\t\tfloat: left;\n\t\t\t\tmargin-top: 10px;\n\t\t\t\ttext-align: center;\n\t\t\t\twidth: 33%;\n\t\t\t}\n\t\t\t#gallery-8 img {\n\t\t\t\tborder: 2px solid #cfcfcf;\n\t\t\t}\n\t\t\t#gallery-8 .gallery-caption {\n\t\t\t\tmargin-left: 0;\n\t\t\t}\n\t\t\t\/* see gallery_shortcode() in wp-includes\/media.php *\/\n\t\t<\/style>\n\t\t<div id='gallery-8' class='gallery galleryid-113 gallery-columns-3 gallery-size-thumbnail'><dl class='gallery-item'>\n\t\t\t<dt class='gallery-icon landscape'>\n\t\t\t\t<a href='https:\/\/zeppelinsantiago.es\/wp-content\/uploads\/2013\/05\/cautivo4.jpg'><img loading=\"lazy\" decoding=\"async\" width=\"150\" height=\"150\" src=\"https:\/\/zeppelinsantiago.es\/wp-content\/uploads\/2013\/05\/cautivo4-150x150.jpg\" class=\"attachment-thumbnail size-thumbnail\" alt=\"Zeppelines cautivos - Zeppelin Santiago\" srcset=\"https:\/\/zeppelinsantiago.es\/wp-content\/uploads\/2013\/05\/cautivo4-150x150.jpg 150w, https:\/\/zeppelinsantiago.es\/wp-content\/uploads\/2013\/05\/cautivo4-90x90.jpg 90w, https:\/\/zeppelinsantiago.es\/wp-content\/uploads\/2013\/05\/cautivo4-300x300.jpg 300w\" sizes=\"auto, (max-width: 150px) 100vw, 150px\" \/><\/a>\n\t\t\t<\/dt><\/dl><dl class='gallery-item'>\n\t\t\t<dt class='gallery-icon landscape'>\n\t\t\t\t<a href='https:\/\/zeppelinsantiago.es\/wp-content\/uploads\/2013\/05\/cautivo5.jpg'><img loading=\"lazy\" decoding=\"async\" width=\"150\" height=\"150\" src=\"https:\/\/zeppelinsantiago.es\/wp-content\/uploads\/2013\/05\/cautivo5-150x150.jpg\" class=\"attachment-thumbnail size-thumbnail\" alt=\"Zeppelines cautivos - Zeppelin Santiago\" srcset=\"https:\/\/zeppelinsantiago.es\/wp-content\/uploads\/2013\/05\/cautivo5-150x150.jpg 150w, https:\/\/zeppelinsantiago.es\/wp-content\/uploads\/2013\/05\/cautivo5-90x90.jpg 90w, https:\/\/zeppelinsantiago.es\/wp-content\/uploads\/2013\/05\/cautivo5-300x300.jpg 300w\" sizes=\"auto, (max-width: 150px) 100vw, 150px\" \/><\/a>\n\t\t\t<\/dt><\/dl><dl class='gallery-item'>\n\t\t\t<dt class='gallery-icon landscape'>\n\t\t\t\t<a href='https:\/\/zeppelinsantiago.es\/wp-content\/uploads\/2013\/05\/cautivo6.jpg'><img loading=\"lazy\" decoding=\"async\" width=\"150\" height=\"150\" src=\"https:\/\/zeppelinsantiago.es\/wp-content\/uploads\/2013\/05\/cautivo6-150x150.jpg\" class=\"attachment-thumbnail size-thumbnail\" alt=\"Zeppelines cautivos - Zeppelin Santiago\" srcset=\"https:\/\/zeppelinsantiago.es\/wp-content\/uploads\/2013\/05\/cautivo6-150x150.jpg 150w, https:\/\/zeppelinsantiago.es\/wp-content\/uploads\/2013\/05\/cautivo6-90x90.jpg 90w, https:\/\/zeppelinsantiago.es\/wp-content\/uploads\/2013\/05\/cautivo6-300x300.jpg 300w\" sizes=\"auto, (max-width: 150px) 100vw, 150px\" \/><\/a>\n\t\t\t<\/dt><\/dl><br style=\"clear: both\" \/>\n\t\t<\/div>\n\n<p>Los zeppelines de helio son muy interesantes para atraer la atenci\u00f3n en:<\/p>\n<ul>\n<li>Giras y promociones.<\/li>\n<li>Eventos deportivos y torneos.<\/li>\n<li>Aperturas de establecimientos y rebajas.<\/li>\n<li>Parques tem\u00e1ticos.<\/li>\n<li>Promociones puntuales de ventas.<\/li>\n<li>Introducciones de nuevos productos.<\/li>\n<li>Conciertos y convenciones.<\/li>\n<li>Ferias y exposiciones.<\/li>\n<li>Meetings y Fiestas.<\/li>\n<\/ul>\n<blockquote><p>Zeppelines de 4, 5, 6, 7.5 y 9 metros de longitud<\/p><\/blockquote>\n<table>\n<tbody>\n<tr>\n<th>Zeppelin cautivo<\/th>\n<th>Precio<\/th>\n<th>Volumen helio<\/th>\n<th>Cap. Elevaci\u00f3n<\/th>\n<\/tr>\n<tr>\n<td>4 metros liso<\/td>\n<td><p class=\"product woocommerce add_to_cart_inline \" style=\"border:4px solid #ccc; padding: 12px;\"><span class=\"woocommerce-Price-amount amount\"><bdi><span class=\"woocommerce-Price-currencySymbol\">&euro;<\/span>750.00<\/bdi><\/span><a href=\"\/pt\/wp-json\/wp\/v2\/pages\/113?add-to-cart=974\" aria-describedby=\"woocommerce_loop_add_to_cart_link_describedby_974\" data-quantity=\"1\" class=\"button product_type_simple add_to_cart_button ajax_add_to_cart\" data-product_id=\"974\" data-product_sku=\"ZC4L\" aria-label=\"Adicione ao carrinho: &ldquo;Zeppelin cautivo 4m lisoZeppelin cautivo 4m lisoZeppelin cautivo 4m liso&rdquo;\" rel=\"nofollow\" data-success_message=\"\u201c&lt;!--:es--&gt;Zeppelin cautivo 4m liso&lt;!--:--&gt;&lt;!--:en--&gt;Zeppelin cautivo 4m liso&lt;!--:--&gt;&lt;!--:pt--&gt;Zeppelin cautivo 4m liso&lt;!--:--&gt;\u201d foi adicionado ao seu carrinho\" role=\"button\">Adicionar ao carrinho<\/a>\t<span id=\"woocommerce_loop_add_to_cart_link_describedby_974\" class=\"screen-reader-text\">\n\t\t\t<\/span>\n<\/p><\/td>\n<td>7 m3<\/td>\n<td>2 kg.<\/td>\n<\/tr>\n<tr>\n<td>5 metros liso<\/td>\n<td><p class=\"product woocommerce add_to_cart_inline \" style=\"border:4px solid #ccc; padding: 12px;\"><span class=\"woocommerce-Price-amount amount\"><bdi><span class=\"woocommerce-Price-currencySymbol\">&euro;<\/span>890.00<\/bdi><\/span><a href=\"\/pt\/wp-json\/wp\/v2\/pages\/113?add-to-cart=975\" aria-describedby=\"woocommerce_loop_add_to_cart_link_describedby_975\" data-quantity=\"1\" class=\"button product_type_simple add_to_cart_button ajax_add_to_cart\" data-product_id=\"975\" data-product_sku=\"ZC5L\" aria-label=\"Adicione ao carrinho: &ldquo;Zeppelin cautivo 5m lisoZeppelin cautivo 5m lisoZeppelin cautivo 5m liso&rdquo;\" rel=\"nofollow\" data-success_message=\"\u201c&lt;!--:es--&gt;Zeppelin cautivo 5m liso&lt;!--:--&gt;&lt;!--:en--&gt;Zeppelin cautivo 5m liso&lt;!--:--&gt;&lt;!--:pt--&gt;Zeppelin cautivo 5m liso&lt;!--:--&gt;\u201d foi adicionado ao seu carrinho\" role=\"button\">Adicionar ao carrinho<\/a>\t<span id=\"woocommerce_loop_add_to_cart_link_describedby_975\" class=\"screen-reader-text\">\n\t\t\t<\/span>\n<\/p><\/td>\n<td>10 m3<\/td>\n<td>4 kg.<\/td>\n<\/tr>\n<tr>\n<td>6 metros liso<\/td>\n<td><p class=\"product woocommerce add_to_cart_inline \" style=\"border:4px solid #ccc; padding: 12px;\"><span class=\"woocommerce-Price-amount amount\"><bdi><span class=\"woocommerce-Price-currencySymbol\">&euro;<\/span>990.00<\/bdi><\/span><a href=\"\/pt\/wp-json\/wp\/v2\/pages\/113?add-to-cart=976\" aria-describedby=\"woocommerce_loop_add_to_cart_link_describedby_976\" data-quantity=\"1\" class=\"button product_type_simple add_to_cart_button ajax_add_to_cart\" data-product_id=\"976\" data-product_sku=\"ZC6L\" aria-label=\"Adicione ao carrinho: &ldquo;Zeppelin cautivo 6m lisoZeppelin cautivo 6m lisoZeppelin cautivo 6m liso&rdquo;\" rel=\"nofollow\" data-success_message=\"\u201c&lt;!--:es--&gt;Zeppelin cautivo 6m liso&lt;!--:--&gt;&lt;!--:en--&gt;Zeppelin cautivo 6m liso&lt;!--:--&gt;&lt;!--:pt--&gt;Zeppelin cautivo 6m liso&lt;!--:--&gt;\u201d foi adicionado ao seu carrinho\" role=\"button\">Adicionar ao carrinho<\/a>\t<span id=\"woocommerce_loop_add_to_cart_link_describedby_976\" class=\"screen-reader-text\">\n\t\t\t<\/span>\n<\/p><\/td>\n<td>16 m3<\/td>\n<td>6 kg.<\/td>\n<\/tr>\n<\/tbody>\n<\/table>\n<p>Incluye: zeppelin, kit d eiluminaci\u00f3n interior 300W (opcional), arn\u00e9s y cuerda para el amarra, kit de reparaci\u00f3n, portes, instrucciones, adaptador y manguera para el llenado de helio.<\/p>\n<table>\n<tbody>\n<tr>\n<th>Art\u00edculo<\/th>\n<th>Precio<\/th>\n<\/tr>\n<tr>\n<td>Kit iluminaci\u00f3n 300 W<\/td>\n<td><p class=\"product woocommerce add_to_cart_inline \" style=\"border:4px solid #ccc; padding: 12px;\"><span class=\"woocommerce-Price-amount amount\"><bdi><span class=\"woocommerce-Price-currencySymbol\">&euro;<\/span>150.00<\/bdi><\/span><a href=\"\/pt\/wp-json\/wp\/v2\/pages\/113?add-to-cart=977\" aria-describedby=\"woocommerce_loop_add_to_cart_link_describedby_977\" data-quantity=\"1\" class=\"button product_type_simple add_to_cart_button ajax_add_to_cart\" data-product_id=\"977\" data-product_sku=\"ZC4L300W\" aria-label=\"Adicione ao carrinho: &ldquo;Zeppelin cautivo: Kit iluminaci\u00f3n 300 WZeppelin cautivo: Kit iluminaci\u00f3n 300 WZeppelin cautivo: Kit iluminaci\u00f3n 300 W&rdquo;\" rel=\"nofollow\" data-success_message=\"\u201c&lt;!--:es--&gt;Zeppelin cautivo: Kit iluminaci\u00f3n 300 W&lt;!--:--&gt;&lt;!--:en--&gt;Zeppelin cautivo: Kit iluminaci\u00f3n 300 W&lt;!--:--&gt;&lt;!--:pt--&gt;Zeppelin cautivo: Kit iluminaci\u00f3n 300 W&lt;!--:--&gt;\u201d foi adicionado ao seu carrinho\" role=\"button\">Adicionar ao carrinho<\/a>\t<span id=\"woocommerce_loop_add_to_cart_link_describedby_977\" class=\"screen-reader-text\">\n\t\t\t<\/span>\n<\/p><\/td>\n<\/tr>\n<tr>\n<td>Rotulaci\u00f3n en vinilo<\/td>\n<td><p class=\"product woocommerce add_to_cart_inline \" style=\"border:4px solid #ccc; padding: 12px;\"><span class=\"woocommerce-Price-amount amount\"><bdi><span class=\"woocommerce-Price-currencySymbol\">&euro;<\/span>175.00<\/bdi><\/span><a href=\"\/pt\/wp-json\/wp\/v2\/pages\/113?add-to-cart=978\" aria-describedby=\"woocommerce_loop_add_to_cart_link_describedby_978\" data-quantity=\"1\" class=\"button product_type_simple add_to_cart_button ajax_add_to_cart\" data-product_id=\"978\" data-product_sku=\"ZC4LROT\" aria-label=\"Adicione ao carrinho: &ldquo;Zeppelin cautivo: Rotulaci\u00f3n en viniloZeppelin cautivo: Rotulaci\u00f3n en viniloZeppelin cautivo: Rotulaci\u00f3n en vinilo&rdquo;\" rel=\"nofollow\" data-success_message=\"\u201c&lt;!--:es--&gt;Zeppelin cautivo: Rotulaci\u00f3n en vinilo&lt;!--:--&gt;&lt;!--:en--&gt;Zeppelin cautivo: Rotulaci\u00f3n en vinilo&lt;!--:--&gt;&lt;!--:pt--&gt;Zeppelin cautivo: Rotulaci\u00f3n en vinilo&lt;!--:--&gt;\u201d foi adicionado ao seu carrinho\" role=\"button\">Adicionar ao carrinho<\/a>\t<span id=\"woocommerce_loop_add_to_cart_link_describedby_978\" class=\"screen-reader-text\">\n\t\t\t<\/span>\n<\/p><\/td>\n<\/tr>\n<tr>\n<td>Rotulaci\u00f3n en digital<\/td>\n<td><p class=\"product woocommerce add_to_cart_inline \" style=\"border:4px solid #ccc; padding: 12px;\"><span class=\"woocommerce-Price-amount amount\"><bdi><span class=\"woocommerce-Price-currencySymbol\">&euro;<\/span>250.00<\/bdi><\/span><a href=\"\/pt\/wp-json\/wp\/v2\/pages\/113?add-to-cart=979\" aria-describedby=\"woocommerce_loop_add_to_cart_link_describedby_979\" data-quantity=\"1\" class=\"button product_type_simple add_to_cart_button ajax_add_to_cart\" data-product_id=\"979\" data-product_sku=\"ZC4LROTDIG\" aria-label=\"Adicione ao carrinho: &ldquo;Zeppelin cautivo: Rotulaci\u00f3n digitalZeppelin cautivo: Rotulaci\u00f3n digitalZeppelin cautivo: Rotulaci\u00f3n digital&rdquo;\" rel=\"nofollow\" data-success_message=\"\u201c&lt;!--:es--&gt;Zeppelin cautivo: Rotulaci\u00f3n digital&lt;!--:--&gt;&lt;!--:en--&gt;Zeppelin cautivo: Rotulaci\u00f3n digital&lt;!--:--&gt;&lt;!--:pt--&gt;Zeppelin cautivo: Rotulaci\u00f3n digital&lt;!--:--&gt;\u201d foi adicionado ao seu carrinho\" role=\"button\">Adicionar ao carrinho<\/a>\t<span id=\"woocommerce_loop_add_to_cart_link_describedby_979\" class=\"screen-reader-text\">\n\t\t\t<\/span>\n<\/p><\/td>\n<\/tr>\n<\/tbody>\n<\/table>\n<p>Los zeppelines est\u00e1n fabricados en PVC o en nylon materiales que son m\u00e1s resistentes y estancos que el tradicional poliuretano, lo cual permite un ahorro importante por fugas de helio as\u00ed como por posibles desgarros.<\/p>\n<p>Todos llevan un recubrimiento inhibidor de los rayos ultravioleta para evitar la decoloraci\u00f3n por el sol. Son por tanto muy duraderos, ideales para exteriores y con alta retenci\u00f3n de helio por su m\u00ednima porosidad lo que garantiza el ahorro de helio que conseguir\u00e1 utiliz\u00e1ndolos.<br \/>\nTambi\u00e9n es posible encargarlo con la decoraci\u00f3n impresa. Impresi\u00f3n digital con pintura flexible (base de uretano) para que no se rompa una vez desinflado y mantenga su apariencia en perfecto estado durante los sucesivos inflados. El trabajo de pintura se har\u00e1 sobre la superficie aplicando una mezcla con base de uretano que, gracias a su flexibilidad, se convertir\u00e1 en parte del zeppel\u00edn. As\u00ed, esta pintura durar\u00e1 para siempre y nunca se descascarillar\u00e1 ni se pelar\u00e1. El trabajo de pintura se aplica digitalmente para que todas las letras y logos casen perfectamente.<br \/>\n\n\t\t<style type=\"text\/css\">\n\t\t\t#gallery-9 {\n\t\t\t\tmargin: auto;\n\t\t\t}\n\t\t\t#gallery-9 .gallery-item {\n\t\t\t\tfloat: left;\n\t\t\t\tmargin-top: 10px;\n\t\t\t\ttext-align: center;\n\t\t\t\twidth: 33%;\n\t\t\t}\n\t\t\t#gallery-9 img {\n\t\t\t\tborder: 2px solid #cfcfcf;\n\t\t\t}\n\t\t\t#gallery-9 .gallery-caption {\n\t\t\t\tmargin-left: 0;\n\t\t\t}\n\t\t\t\/* see gallery_shortcode() in wp-includes\/media.php *\/\n\t\t<\/style>\n\t\t<div id='gallery-9' class='gallery galleryid-113 gallery-columns-3 gallery-size-thumbnail'><dl class='gallery-item'>\n\t\t\t<dt class='gallery-icon landscape'>\n\t\t\t\t<a href='https:\/\/zeppelinsantiago.es\/wp-content\/uploads\/2013\/05\/cautivo7.jpg'><img loading=\"lazy\" decoding=\"async\" width=\"150\" height=\"150\" src=\"https:\/\/zeppelinsantiago.es\/wp-content\/uploads\/2013\/05\/cautivo7-150x150.jpg\" class=\"attachment-thumbnail size-thumbnail\" alt=\"Zeppelines cautivos - Zeppelin Santiago\" srcset=\"https:\/\/zeppelinsantiago.es\/wp-content\/uploads\/2013\/05\/cautivo7-150x150.jpg 150w, https:\/\/zeppelinsantiago.es\/wp-content\/uploads\/2013\/05\/cautivo7-90x90.jpg 90w, https:\/\/zeppelinsantiago.es\/wp-content\/uploads\/2013\/05\/cautivo7-300x300.jpg 300w\" sizes=\"auto, (max-width: 150px) 100vw, 150px\" \/><\/a>\n\t\t\t<\/dt><\/dl><dl class='gallery-item'>\n\t\t\t<dt class='gallery-icon landscape'>\n\t\t\t\t<a href='https:\/\/zeppelinsantiago.es\/wp-content\/uploads\/2013\/05\/cautivo8.jpg'><img loading=\"lazy\" decoding=\"async\" width=\"150\" height=\"150\" src=\"https:\/\/zeppelinsantiago.es\/wp-content\/uploads\/2013\/05\/cautivo8-150x150.jpg\" class=\"attachment-thumbnail size-thumbnail\" alt=\"Zeppelines cautivos - Zeppelin Santiago\" srcset=\"https:\/\/zeppelinsantiago.es\/wp-content\/uploads\/2013\/05\/cautivo8-150x150.jpg 150w, https:\/\/zeppelinsantiago.es\/wp-content\/uploads\/2013\/05\/cautivo8-90x90.jpg 90w, https:\/\/zeppelinsantiago.es\/wp-content\/uploads\/2013\/05\/cautivo8-300x300.jpg 300w\" sizes=\"auto, (max-width: 150px) 100vw, 150px\" \/><\/a>\n\t\t\t<\/dt><\/dl><dl class='gallery-item'>\n\t\t\t<dt class='gallery-icon landscape'>\n\t\t\t\t<a href='https:\/\/zeppelinsantiago.es\/wp-content\/uploads\/2013\/05\/cautivo10.jpg'><img loading=\"lazy\" decoding=\"async\" width=\"150\" height=\"150\" src=\"https:\/\/zeppelinsantiago.es\/wp-content\/uploads\/2013\/05\/cautivo10-150x150.jpg\" class=\"attachment-thumbnail size-thumbnail\" alt=\"Zeppelines cautivos - Zeppelin Santiago\" srcset=\"https:\/\/zeppelinsantiago.es\/wp-content\/uploads\/2013\/05\/cautivo10-150x150.jpg 150w, https:\/\/zeppelinsantiago.es\/wp-content\/uploads\/2013\/05\/cautivo10-90x90.jpg 90w, https:\/\/zeppelinsantiago.es\/wp-content\/uploads\/2013\/05\/cautivo10-300x300.jpg 300w\" sizes=\"auto, (max-width: 150px) 100vw, 150px\" \/><\/a>\n\t\t\t<\/dt><\/dl><br style=\"clear: both\" \/>\n\t\t<\/div>\n<br \/>\nTodos nuestros zeppelines de PVC o POLIURETANO incluyen:<\/p>\n<ul>\n<li>40 metros de cuerda.<\/li>\n<li>1.5 metros de manguera para el inflado de helio.<\/li>\n<li>Instrucciones y kit de reparaci\u00f3n en caso de pinchazo.<\/li>\n<li>A partir de 5 metros los zeppelines incluyen la posibilidad de iluminaci\u00f3n interior<\/li>\n<\/ul>\n<h3><span style=\"color: #3366ff;\">Tarifas<\/span><\/h3>\n<p>Existen dos posibilidades para publicitar a su empresa, su producto, servicio o marca, la adquisici\u00f3n del zeppel\u00edn o el alquiler del mismo.<\/p>\n<blockquote><p> <a title=\"Contacto\" href=\"http:\/\/www.zeppelinsantiago.es\/contacto\/\">CONSULTENOS LAS TARIFAS DESDE NUESTROFORMULARIO DE CONTACTO<\/a>.<\/p><\/blockquote>\n<h3><span style=\"color: #3366ff;\">Alquiler de nuestros zeppelines<\/span><\/h3>\n<p>El zeppel\u00edn de alquiler lleva incorporado un sistema de anclajes que permite la instalaci\u00f3n de una pancarta publicitaria en cada lado del mismo.<br \/>\nLos t\u00e9cnicos de ZEPPELIN SANTIAGO se encargaran de todo el proceso: traslado del zeppel\u00edn, inflado, elevaci\u00f3n y recogida. El cliente tan s\u00f3lo tiene que facilitarnos un logotipo de la marca, empresa o producto que se va a incorporar en la pancarta y nosotros lo enviaremos a nuestra imprenta para que realice las pancartas publicitarias que llevar\u00e1 el zeppel\u00edn en sus costados.<\/p>\n<table class=\"ventas\">\n<tbody>\n<tr>\n<th><\/th>\n<th><span style=\"color: #000000;\">1 d\u00eda<\/span><\/th>\n<th><span style=\"color: #000000;\">de 2 a 4 d\u00edas<\/span><\/th>\n<th><span style=\"color: #000000;\">5 d\u00edas en adelante<\/span><\/th>\n<\/tr>\n<tr>\n<td><span style=\"color: #333333;\">Zeppelin de 5m.<\/span><\/td>\n<td><span style=\"color: #333333;\">550\u20ac<\/span><\/td>\n<td><span style=\"color: #333333;\">350\u20ac\/d\u00eda<\/span><\/td>\n<td><span style=\"color: #333333;\">290\u20ac\/d\u00eda<\/span><\/td>\n<\/tr>\n<tr class=\"alt\">\n<td><span style=\"color: #333333;\">Zeppelin 6m.<\/span><\/td>\n<td><span style=\"color: #333333;\">650\u20ac<\/span><\/td>\n<td><span style=\"color: #333333;\">450\u20ac\/d\u00eda<\/span><\/td>\n<td><span style=\"color: #333333;\">390\u20ac\/d\u00eda<\/span><\/td>\n<\/tr>\n<\/tbody>\n<\/table>\n<table class=\"ventas\">\n<tbody>\n<tr>\n<td><span style=\"color: #333333;\">Rotulaci\u00f3n en vinilo por ambas caras<\/span><\/td>\n<td><span style=\"color: #333333;\">175\u20ac<\/span><\/td>\n<\/tr>\n<tr class=\"alt\">\n<td><span style=\"color: #333333;\">Iluminaci\u00f3n nocturna<em> (opcional)<\/em><\/span><\/td>\n<td><span style=\"color: #333333;\">inclu\u00edda<\/span><\/td>\n<\/tr>\n<\/tbody>\n<\/table>\n<p><small><strong>Dietas: <\/strong> <span style=\"color: #333333;\">0,44 el Km. y 100 \u20ac \/d\u00eda<em> ( fuera de la Comunidad Gallega ).<\/em><\/span><\/small><\/p>","protected":false},"excerpt":{"rendered":"<p>Los zeppelines son el soporte publicitario de m\u00e1s r\u00e1pida implantaci\u00f3n en la actualidad, por ello, tener uno en propiedad le <span class=\"ver-mas\"><a href=\"https:\/\/zeppelinsantiago.es\/pt\/productos\/zeppelines-cautivos\/\">&#43; info<\/a><\/span><\/p>\n","protected":false},"author":3,"featured_media":286,"parent":11,"menu_order":5,"comment_status":"closed","ping_status":"closed","template":"","meta":{"_monsterinsights_skip_tracking":false,"_monsterinsights_sitenote_active":false,"_monsterinsights_sitenote_note":"","_monsterinsights_sitenote_category":0,"footnotes":""},"class_list":["post-113","page","type-page","status-publish","has-post-thumbnail","hentry"],"aioseo_notices":[],"_links":{"self":[{"href":"https:\/\/zeppelinsantiago.es\/pt\/wp-json\/wp\/v2\/pages\/113","targetHints":{"allow":["GET"]}}],"collection":[{"href":"https:\/\/zeppelinsantiago.es\/pt\/wp-json\/wp\/v2\/pages"}],"about":[{"href":"https:\/\/zeppelinsantiago.es\/pt\/wp-json\/wp\/v2\/types\/page"}],"author":[{"embeddable":true,"href":"https:\/\/zeppelinsantiago.es\/pt\/wp-json\/wp\/v2\/users\/3"}],"replies":[{"embeddable":true,"href":"https:\/\/zeppelinsantiago.es\/pt\/wp-json\/wp\/v2\/comments?post=113"}],"version-history":[{"count":28,"href":"https:\/\/zeppelinsantiago.es\/pt\/wp-json\/wp\/v2\/pages\/113\/revisions"}],"predecessor-version":[{"id":1143,"href":"https:\/\/zeppelinsantiago.es\/pt\/wp-json\/wp\/v2\/pages\/113\/revisions\/1143"}],"up":[{"embeddable":true,"href":"https:\/\/zeppelinsantiago.es\/pt\/wp-json\/wp\/v2\/pages\/11"}],"wp:featuredmedia":[{"embeddable":true,"href":"https:\/\/zeppelinsantiago.es\/pt\/wp-json\/wp\/v2\/media\/286"}],"wp:attachment":[{"href":"https:\/\/zeppelinsantiago.es\/pt\/wp-json\/wp\/v2\/media?parent=113"}],"curies":[{"name":"wp","href":"https:\/\/api.w.org\/{rel}","templated":true}]}}