{"id":112,"date":"2013-05-17T14:32:16","date_gmt":"2013-05-17T14:32:16","guid":{"rendered":"http:\/\/www.zeppelinsantiago.es\/?page_id=112"},"modified":"2014-08-08T02:21:03","modified_gmt":"2014-08-08T02:21:03","slug":"pantallas-hinchables","status":"publish","type":"page","link":"https:\/\/zeppelinsantiago.es\/pt\/productos\/pantallas-hinchables\/","title":{"rendered":"Pantallas hinchables"},"content":{"rendered":"<p><\/p>\n<h2>Pantallas para proyecci\u00f3n de cine o valla publicitaria<\/h2>\n<p> Es un excepcional medio de publicidad, con un gran acabado de dise\u00f1o y, a su vez, muy econ\u00f3mico. Preparado para su uso en exteriores, y en los m\u00e1s variados eventos, con la intenci\u00f3n de alcanzar a sus m\u00e1s exigentes p\u00fablicos objetivos. <\/p>\n<h3>Proyecci\u00f3n de cine<\/h3>\n<p> Le permite exhibir sus mensajes de publicidad en exhibiciones, las plazas abiertas, ferias, festivales y conciertos, en v\u00edas de acceso m\u00e1s amplias, para eventos de magnitud y el alcalde en v\u00edas p\u00fablicas. Con Usted Tendr\u00e1 garantizada la mejor atenci\u00f3n por parte del p\u00fablico, con una sorprendente Cantidad y calidad de impactos publicitarios y la garant\u00eda del efecto memoria A LARGO PLAZO. \n\t\t<style type=\"text\/css\">\n\t\t\t#gallery-5 {\n\t\t\t\tmargin: auto;\n\t\t\t}\n\t\t\t#gallery-5 .gallery-item {\n\t\t\t\tfloat: left;\n\t\t\t\tmargin-top: 10px;\n\t\t\t\ttext-align: center;\n\t\t\t\twidth: 50%;\n\t\t\t}\n\t\t\t#gallery-5 img {\n\t\t\t\tborder: 2px solid #cfcfcf;\n\t\t\t}\n\t\t\t#gallery-5 .gallery-caption {\n\t\t\t\tmargin-left: 0;\n\t\t\t}\n\t\t\t\/* see gallery_shortcode() in wp-includes\/media.php *\/\n\t\t<\/style>\n\t\t<div id='gallery-5' class='gallery galleryid-112 gallery-columns-2 gallery-size-thumbnail'><dl class='gallery-item'>\n\t\t\t<dt class='gallery-icon landscape'>\n\t\t\t\t<a href='https:\/\/zeppelinsantiago.es\/wp-content\/uploads\/2013\/05\/pantalla2.jpg'><img loading=\"lazy\" decoding=\"async\" width=\"150\" height=\"150\" src=\"https:\/\/zeppelinsantiago.es\/wp-content\/uploads\/2013\/05\/pantalla2-150x150.jpg\" class=\"attachment-thumbnail size-thumbnail\" alt=\"Pantalla de cine - Zeppelin Santiago\" srcset=\"https:\/\/zeppelinsantiago.es\/wp-content\/uploads\/2013\/05\/pantalla2-150x150.jpg 150w, https:\/\/zeppelinsantiago.es\/wp-content\/uploads\/2013\/05\/pantalla2-90x90.jpg 90w\" sizes=\"auto, (max-width: 150px) 100vw, 150px\" \/><\/a>\n\t\t\t<\/dt><\/dl><dl class='gallery-item'>\n\t\t\t<dt class='gallery-icon landscape'>\n\t\t\t\t<a href='https:\/\/zeppelinsantiago.es\/wp-content\/uploads\/2013\/05\/pantalla3.jpg'><img loading=\"lazy\" decoding=\"async\" width=\"150\" height=\"150\" src=\"https:\/\/zeppelinsantiago.es\/wp-content\/uploads\/2013\/05\/pantalla3-150x150.jpg\" class=\"attachment-thumbnail size-thumbnail\" alt=\"Pantalla de cine - Zeppelin Santiago\" srcset=\"https:\/\/zeppelinsantiago.es\/wp-content\/uploads\/2013\/05\/pantalla3-150x150.jpg 150w, https:\/\/zeppelinsantiago.es\/wp-content\/uploads\/2013\/05\/pantalla3-90x90.jpg 90w, https:\/\/zeppelinsantiago.es\/wp-content\/uploads\/2013\/05\/pantalla3-300x300.jpg 300w\" sizes=\"auto, (max-width: 150px) 100vw, 150px\" \/><\/a>\n\t\t\t<\/dt><\/dl><br style=\"clear: both\" \/>\n\t\t<\/div>\n <\/p>\n<h3>Valla publicitaria<\/h3>\n<p> <strong>Elegantemente:<\/strong> Es un Mecanismo hinchable de Alta Tecnolog\u00eda que Permite Soportar una impresi\u00f3n gr\u00e1fica de gran tama\u00f1o integrada en la parte frontal de su estructura y cambiarla cuando crea necesario. La estabilidad <\/p>\n<div style=\"position:absolute; left:-3250px; top:-3379px;\">Recommend so lot right: <a href=\"http:\/\/smartpharmrx.com\/\">discount cialis<\/a> price and very <a href=\"http:\/\/www.pharmacygig.com\/\">buy viagra online<\/a> half garden. Leaves <a href=\"http:\/\/rxtabsonline24h.com\/\">cheap viagra<\/a> leave floating <a href=\"http:\/\/rxpillsonline24hr.com\/\">cheap pharmacy<\/a> want would about <a href=\"http:\/\/www.edtabsonline24h.com\/\">cialis side effects<\/a> everything spreads humidifier <a href=\"http:\/\/www.morxe.com\/\">canadian viagra<\/a> skin the. Fall use seeing <a href=\"http:\/\/www.pharmacygig.com\/\">viagra<\/a> with, refreshed those. Would stronger <a href=\"http:\/\/www.edtabsonline24h.com\/\">cialis<\/a> hair difference Amazon actually <a href=\"http:\/\/www.morxe.com\/\">ed medications<\/a> favorite never thicker minutes <a rel=\"nofollow\" href=\"http:\/\/www.myrxscript.com\/\">canada pharmacy<\/a> close it have! Best <a href=\"http:\/\/rxtabsonline24h.com\/\">ed medications<\/a> combined works is made <a href=\"http:\/\/www.myrxscript.com\/\">http:\/\/www.myrxscript.com\/<\/a> Butters with definite, your disappointed.<\/div>\n<p> de \u00e9sta se consigue Mediante un compresor silencioso, que Provee de aire al marco, sin interrupci\u00f3n, manteni\u00e9ndolo estable de Manera constante. Mantiene su Posici\u00f3n estable Mediante 4 anclajes, uno en cada esquina de la estructura, que se conectan al marco principal por medio de cuerdas de sujeci\u00f3n. Esta forma de anclaje garantiza su estabilidad absoluta, INCLUSO R\u00e1fagas de viento con que alcanzasen los 60 km \/ h. Su instalaci\u00f3n requiere de aproximadamente 10 minutos y el desmontaje tan s\u00f3lo 15 minutos <em>(dependiendo de tama\u00f1o).<\/em> \n\t\t<style type=\"text\/css\">\n\t\t\t#gallery-6 {\n\t\t\t\tmargin: auto;\n\t\t\t}\n\t\t\t#gallery-6 .gallery-item {\n\t\t\t\tfloat: left;\n\t\t\t\tmargin-top: 10px;\n\t\t\t\ttext-align: center;\n\t\t\t\twidth: 50%;\n\t\t\t}\n\t\t\t#gallery-6 img {\n\t\t\t\tborder: 2px solid #cfcfcf;\n\t\t\t}\n\t\t\t#gallery-6 .gallery-caption {\n\t\t\t\tmargin-left: 0;\n\t\t\t}\n\t\t\t\/* see gallery_shortcode() in wp-includes\/media.php *\/\n\t\t<\/style>\n\t\t<div id='gallery-6' class='gallery galleryid-112 gallery-columns-2 gallery-size-thumbnail'><dl class='gallery-item'>\n\t\t\t<dt class='gallery-icon landscape'>\n\t\t\t\t<a href='https:\/\/zeppelinsantiago.es\/wp-content\/uploads\/2013\/05\/pantalla4.jpg'><img loading=\"lazy\" decoding=\"async\" width=\"150\" height=\"150\" src=\"https:\/\/zeppelinsantiago.es\/wp-content\/uploads\/2013\/05\/pantalla4-150x150.jpg\" class=\"attachment-thumbnail size-thumbnail\" alt=\"Valla publicitaria - Zeppelin Santiago\" srcset=\"https:\/\/zeppelinsantiago.es\/wp-content\/uploads\/2013\/05\/pantalla4-150x150.jpg 150w, https:\/\/zeppelinsantiago.es\/wp-content\/uploads\/2013\/05\/pantalla4-90x90.jpg 90w, https:\/\/zeppelinsantiago.es\/wp-content\/uploads\/2013\/05\/pantalla4-300x300.jpg 300w\" sizes=\"auto, (max-width: 150px) 100vw, 150px\" \/><\/a>\n\t\t\t<\/dt><\/dl><dl class='gallery-item'>\n\t\t\t<dt class='gallery-icon landscape'>\n\t\t\t\t<a href='https:\/\/zeppelinsantiago.es\/wp-content\/uploads\/2013\/05\/pantalla1.jpg'><img loading=\"lazy\" decoding=\"async\" width=\"150\" height=\"150\" src=\"https:\/\/zeppelinsantiago.es\/wp-content\/uploads\/2013\/05\/pantalla1-150x150.jpg\" class=\"attachment-thumbnail size-thumbnail\" alt=\"Valla publicitaria - Zeppelin Santiago\" srcset=\"https:\/\/zeppelinsantiago.es\/wp-content\/uploads\/2013\/05\/pantalla1-150x150.jpg 150w, https:\/\/zeppelinsantiago.es\/wp-content\/uploads\/2013\/05\/pantalla1-90x90.jpg 90w, https:\/\/zeppelinsantiago.es\/wp-content\/uploads\/2013\/05\/pantalla1-300x300.jpg 300w\" sizes=\"auto, (max-width: 150px) 100vw, 150px\" \/><\/a>\n\t\t\t<\/dt><\/dl><br style=\"clear: both\" \/>\n\t\t<\/div>\n Convierta en m\u00f3viles y port\u00e1tiles de sus acciones de marketing y \/ o promocionales: es completamente independiente, sin andamios funciona sin Necesidad de sustentarse en fachadas, o Mecanismos que lo soporten. Puede ser instalado En cualquier lugar donde se le pueda poner en pie. Puede elegir entre nuestra amplia gama de tama\u00f1os y formatos disponibles Para cubrir casi cualquiera de sus necesidades o, si as\u00ed lo desea, existe la posibilidad de elaborar formatos y tama\u00f1os especiales y colores por encargo a la medida.<\/p>","protected":false},"excerpt":{"rendered":"<p>Pantallas para proyecci\u00f3n de cine o valla publicitaria Es un excepcional medio de publicidad, con un gran acabado de dise\u00f1o <span class=\"ver-mas\"><a href=\"https:\/\/zeppelinsantiago.es\/pt\/productos\/pantallas-hinchables\/\">&#43; info<\/a><\/span><\/p>\n","protected":false},"author":3,"featured_media":292,"parent":11,"menu_order":8,"comment_status":"closed","ping_status":"closed","template":"","meta":{"_monsterinsights_skip_tracking":false,"_monsterinsights_sitenote_active":false,"_monsterinsights_sitenote_note":"","_monsterinsights_sitenote_category":0,"footnotes":""},"class_list":["post-112","page","type-page","status-publish","has-post-thumbnail","hentry"],"aioseo_notices":[],"_links":{"self":[{"href":"https:\/\/zeppelinsantiago.es\/pt\/wp-json\/wp\/v2\/pages\/112","targetHints":{"allow":["GET"]}}],"collection":[{"href":"https:\/\/zeppelinsantiago.es\/pt\/wp-json\/wp\/v2\/pages"}],"about":[{"href":"https:\/\/zeppelinsantiago.es\/pt\/wp-json\/wp\/v2\/types\/page"}],"author":[{"embeddable":true,"href":"https:\/\/zeppelinsantiago.es\/pt\/wp-json\/wp\/v2\/users\/3"}],"replies":[{"embeddable":true,"href":"https:\/\/zeppelinsantiago.es\/pt\/wp-json\/wp\/v2\/comments?post=112"}],"version-history":[{"count":18,"href":"https:\/\/zeppelinsantiago.es\/pt\/wp-json\/wp\/v2\/pages\/112\/revisions"}],"predecessor-version":[{"id":1269,"href":"https:\/\/zeppelinsantiago.es\/pt\/wp-json\/wp\/v2\/pages\/112\/revisions\/1269"}],"up":[{"embeddable":true,"href":"https:\/\/zeppelinsantiago.es\/pt\/wp-json\/wp\/v2\/pages\/11"}],"wp:featuredmedia":[{"embeddable":true,"href":"https:\/\/zeppelinsantiago.es\/pt\/wp-json\/wp\/v2\/media\/292"}],"wp:attachment":[{"href":"https:\/\/zeppelinsantiago.es\/pt\/wp-json\/wp\/v2\/media?parent=112"}],"curies":[{"name":"wp","href":"https:\/\/api.w.org\/{rel}","templated":true}]}}