{"id":109,"date":"2013-05-17T14:31:36","date_gmt":"2013-05-17T14:31:36","guid":{"rendered":"http:\/\/www.zeppelinsantiago.es\/?page_id=109"},"modified":"2013-08-13T08:10:39","modified_gmt":"2013-08-13T08:10:39","slug":"globo-aerostatico","status":"publish","type":"page","link":"https:\/\/zeppelinsantiago.es\/pt\/productos\/globo-aerostatico\/","title":{"rendered":"Globo aerost\u00e1tico"},"content":{"rendered":"<p>El globo aerost\u00e1tico, debido a su espectacularidad, majestuosidad y colorido se convierte en un impresionante medio para atraer la atenci\u00f3n del p\u00fablico, creando un inigualable ambiente de fiesta y espect\u00e1culo.<\/p>\n\n\t\t<style type=\"text\/css\">\n\t\t\t#gallery-3 {\n\t\t\t\tmargin: auto;\n\t\t\t}\n\t\t\t#gallery-3 .gallery-item {\n\t\t\t\tfloat: left;\n\t\t\t\tmargin-top: 10px;\n\t\t\t\ttext-align: center;\n\t\t\t\twidth: 20%;\n\t\t\t}\n\t\t\t#gallery-3 img {\n\t\t\t\tborder: 2px solid #cfcfcf;\n\t\t\t}\n\t\t\t#gallery-3 .gallery-caption {\n\t\t\t\tmargin-left: 0;\n\t\t\t}\n\t\t\t\/* see gallery_shortcode() in wp-includes\/media.php *\/\n\t\t<\/style>\n\t\t<div id='gallery-3' class='gallery galleryid-109 gallery-columns-5 gallery-size-thumbnail'><dl class='gallery-item'>\n\t\t\t<dt class='gallery-icon landscape'>\n\t\t\t\t<a href='https:\/\/zeppelinsantiago.es\/wp-content\/uploads\/2013\/05\/aereo1.jpg'><img loading=\"lazy\" decoding=\"async\" width=\"150\" height=\"150\" src=\"https:\/\/zeppelinsantiago.es\/wp-content\/uploads\/2013\/05\/aereo1-150x150.jpg\" class=\"attachment-thumbnail size-thumbnail\" alt=\"Globo aerost\u00e1tico - Zeppelin Santiago\" srcset=\"https:\/\/zeppelinsantiago.es\/wp-content\/uploads\/2013\/05\/aereo1-150x150.jpg 150w, https:\/\/zeppelinsantiago.es\/wp-content\/uploads\/2013\/05\/aereo1-90x90.jpg 90w, https:\/\/zeppelinsantiago.es\/wp-content\/uploads\/2013\/05\/aereo1-300x300.jpg 300w\" sizes=\"auto, (max-width: 150px) 100vw, 150px\" \/><\/a>\n\t\t\t<\/dt><\/dl><dl class='gallery-item'>\n\t\t\t<dt class='gallery-icon landscape'>\n\t\t\t\t<a href='https:\/\/zeppelinsantiago.es\/wp-content\/uploads\/2013\/05\/aereo2.jpg'><img loading=\"lazy\" decoding=\"async\" width=\"150\" height=\"150\" src=\"https:\/\/zeppelinsantiago.es\/wp-content\/uploads\/2013\/05\/aereo2-150x150.jpg\" class=\"attachment-thumbnail size-thumbnail\" alt=\"Globo aerost\u00e1tico - Zeppelin Santiago\" srcset=\"https:\/\/zeppelinsantiago.es\/wp-content\/uploads\/2013\/05\/aereo2-150x150.jpg 150w, https:\/\/zeppelinsantiago.es\/wp-content\/uploads\/2013\/05\/aereo2-90x90.jpg 90w, https:\/\/zeppelinsantiago.es\/wp-content\/uploads\/2013\/05\/aereo2-300x300.jpg 300w\" sizes=\"auto, (max-width: 150px) 100vw, 150px\" \/><\/a>\n\t\t\t<\/dt><\/dl><dl class='gallery-item'>\n\t\t\t<dt class='gallery-icon portrait'>\n\t\t\t\t<a href='https:\/\/zeppelinsantiago.es\/wp-content\/uploads\/2013\/05\/aereo3.jpg'><img loading=\"lazy\" decoding=\"async\" width=\"150\" height=\"150\" src=\"https:\/\/zeppelinsantiago.es\/wp-content\/uploads\/2013\/05\/aereo3-150x150.jpg\" class=\"attachment-thumbnail size-thumbnail\" alt=\"Globo aerost\u00e1tico - Zeppelin Santiago\" srcset=\"https:\/\/zeppelinsantiago.es\/wp-content\/uploads\/2013\/05\/aereo3-150x150.jpg 150w, https:\/\/zeppelinsantiago.es\/wp-content\/uploads\/2013\/05\/aereo3-90x90.jpg 90w\" sizes=\"auto, (max-width: 150px) 100vw, 150px\" \/><\/a>\n\t\t\t<\/dt><\/dl><dl class='gallery-item'>\n\t\t\t<dt class='gallery-icon landscape'>\n\t\t\t\t<a href='https:\/\/zeppelinsantiago.es\/wp-content\/uploads\/2013\/05\/aereo4.jpg'><img loading=\"lazy\" decoding=\"async\" width=\"150\" height=\"150\" src=\"https:\/\/zeppelinsantiago.es\/wp-content\/uploads\/2013\/05\/aereo4-150x150.jpg\" class=\"attachment-thumbnail size-thumbnail\" alt=\"Globo aerost\u00e1tico - Zeppelin Santiago\" srcset=\"https:\/\/zeppelinsantiago.es\/wp-content\/uploads\/2013\/05\/aereo4-150x150.jpg 150w, https:\/\/zeppelinsantiago.es\/wp-content\/uploads\/2013\/05\/aereo4-90x90.jpg 90w, https:\/\/zeppelinsantiago.es\/wp-content\/uploads\/2013\/05\/aereo4-300x300.jpg 300w\" sizes=\"auto, (max-width: 150px) 100vw, 150px\" \/><\/a>\n\t\t\t<\/dt><\/dl><dl class='gallery-item'>\n\t\t\t<dt class='gallery-icon landscape'>\n\t\t\t\t<a href='https:\/\/zeppelinsantiago.es\/wp-content\/uploads\/2013\/05\/aereo5.jpg'><img loading=\"lazy\" decoding=\"async\" width=\"150\" height=\"150\" src=\"https:\/\/zeppelinsantiago.es\/wp-content\/uploads\/2013\/05\/aereo5-150x150.jpg\" class=\"attachment-thumbnail size-thumbnail\" alt=\"Globo aerost\u00e1tico - Zeppelin Santiago\" srcset=\"https:\/\/zeppelinsantiago.es\/wp-content\/uploads\/2013\/05\/aereo5-150x150.jpg 150w, https:\/\/zeppelinsantiago.es\/wp-content\/uploads\/2013\/05\/aereo5-90x90.jpg 90w\" sizes=\"auto, (max-width: 150px) 100vw, 150px\" \/><\/a>\n\t\t\t<\/dt><\/dl><br style=\"clear: both\" \/>\n\t\t<\/div>\n\n<p>Nuestro objetivo es realizar una actividad original, divertida e inolvidable para los asistentes.<br \/>\nDisponemos de globos de distintos tama\u00f1os dise\u00f1ados especialmente para situar una o m\u00e1s pancartas rotuladas en la vela, lo habitual es que midan 50 m2<\/p>\n<h2>Vuelo cautivo<\/h2>\n<p>El globo estar\u00eda anclado a tierra y realizar\u00eda constantes subidas y bajadas hasta 20 m de altura.<br \/>\nDurante dos horas podremos subir a m\u00e1s de 100 adultos con el globo de dos pasajeros.<br \/>\nNecesitamos un espacio de 40 x 40 m. libres de obst\u00e1culos: farolas, coches, cables, plantas, etc.<br \/>\nEl globo aerost\u00e1tico necesita condiciones meteorol\u00f3gicas favorables (vientos flojos y ausencia de corrientes t\u00e9rmicas) en verano el viento suele ser m\u00e1s tranquilo por la ma\u00f1ana hasta las 11 h. y por las tarde a partir de las 19 h. no es un inconveniente si oscurece ya que usaremos una llama interna que ilumina el globo como una bombilla de 3000W.<br \/>\nNaturalmente el globo dispone de seguro, piloto autorizado y cumple todos los requisitos necesarios.<\/p>","protected":false},"excerpt":{"rendered":"<p>El globo aerost\u00e1tico, debido a su espectacularidad, majestuosidad y colorido se convierte en un impresionante medio para atraer la atenci\u00f3n <span class=\"ver-mas\"><a href=\"https:\/\/zeppelinsantiago.es\/pt\/productos\/globo-aerostatico\/\">&#43; info<\/a><\/span><\/p>\n","protected":false},"author":3,"featured_media":307,"parent":11,"menu_order":14,"comment_status":"closed","ping_status":"closed","template":"","meta":{"_monsterinsights_skip_tracking":false,"_monsterinsights_sitenote_active":false,"_monsterinsights_sitenote_note":"","_monsterinsights_sitenote_category":0,"footnotes":""},"class_list":["post-109","page","type-page","status-publish","has-post-thumbnail","hentry"],"aioseo_notices":[],"_links":{"self":[{"href":"https:\/\/zeppelinsantiago.es\/pt\/wp-json\/wp\/v2\/pages\/109","targetHints":{"allow":["GET"]}}],"collection":[{"href":"https:\/\/zeppelinsantiago.es\/pt\/wp-json\/wp\/v2\/pages"}],"about":[{"href":"https:\/\/zeppelinsantiago.es\/pt\/wp-json\/wp\/v2\/types\/page"}],"author":[{"embeddable":true,"href":"https:\/\/zeppelinsantiago.es\/pt\/wp-json\/wp\/v2\/users\/3"}],"replies":[{"embeddable":true,"href":"https:\/\/zeppelinsantiago.es\/pt\/wp-json\/wp\/v2\/comments?post=109"}],"version-history":[{"count":7,"href":"https:\/\/zeppelinsantiago.es\/pt\/wp-json\/wp\/v2\/pages\/109\/revisions"}],"predecessor-version":[{"id":1147,"href":"https:\/\/zeppelinsantiago.es\/pt\/wp-json\/wp\/v2\/pages\/109\/revisions\/1147"}],"up":[{"embeddable":true,"href":"https:\/\/zeppelinsantiago.es\/pt\/wp-json\/wp\/v2\/pages\/11"}],"wp:featuredmedia":[{"embeddable":true,"href":"https:\/\/zeppelinsantiago.es\/pt\/wp-json\/wp\/v2\/media\/307"}],"wp:attachment":[{"href":"https:\/\/zeppelinsantiago.es\/pt\/wp-json\/wp\/v2\/media?parent=109"}],"curies":[{"name":"wp","href":"https:\/\/api.w.org\/{rel}","templated":true}]}}