{"id":107,"date":"2013-05-17T14:31:02","date_gmt":"2013-05-17T14:31:02","guid":{"rendered":"http:\/\/www.zeppelinsantiago.es\/?page_id=107"},"modified":"2013-08-13T08:13:29","modified_gmt":"2013-08-13T08:13:29","slug":"filmacion-y-fotografia-aerea","status":"publish","type":"page","link":"https:\/\/zeppelinsantiago.es\/pt\/productos\/filmacion-y-fotografia-aerea\/","title":{"rendered":"Filmaci\u00f3n y fotograf\u00eda a\u00e9rea"},"content":{"rendered":"<p><\/p>\n<h2>V\u00eddeos Publicitarios<\/h2>\n<p>Nos encargamos de la producci\u00f3n y realizaci\u00f3n de todo el proceso de creaci\u00f3n.<br \/>\nNos adaptamos a las necesidades de cada cliente. Nuestro objetivo principal es la satisfacci\u00f3n de cada uno de nuestros clientes, y para el logro de este objetivo resulta imprescindible conocer las necesidades de \u00e9ste y apostar por productos y servicios que se adapten a las mismas.<br \/>\nLa integraci\u00f3n de nuestras perspectivas Oblicua y Cenital a alta y baja altura consiguen trabajos verdaderamente impresionantes, al cambiar totalmente la perspectiva visual a la que estamos acostumbrados a ver las im\u00e1genes. <\/p>\n<h2>Montajes Corporativos<\/h2>\n<p>Una de las mejores maneras de promocionar una entidad, producto o servicio  es trav\u00e9s de un video. Con una buena narraci\u00f3n donde las im\u00e1genes, la m\u00fasica y el texto se combinen r\u00edtmicamente, consiguen generar emociones.<br \/>\nNuestros videos promocionales, son una herramienta muy potente y pueden tener car\u00e1cter comercial, corporativo o divulgativo partiendo de un precio econ\u00f3mico y adaptado al presupuesto.<br \/>\n\n\t\t<style type=\"text\/css\">\n\t\t\t#gallery-3 {\n\t\t\t\tmargin: auto;\n\t\t\t}\n\t\t\t#gallery-3 .gallery-item {\n\t\t\t\tfloat: left;\n\t\t\t\tmargin-top: 10px;\n\t\t\t\ttext-align: center;\n\t\t\t\twidth: 100%;\n\t\t\t}\n\t\t\t#gallery-3 img {\n\t\t\t\tborder: 2px solid #cfcfcf;\n\t\t\t}\n\t\t\t#gallery-3 .gallery-caption {\n\t\t\t\tmargin-left: 0;\n\t\t\t}\n\t\t\t\/* see gallery_shortcode() in wp-includes\/media.php *\/\n\t\t<\/style>\n\t\t<div id='gallery-3' class='gallery galleryid-107 gallery-columns-1 gallery-size-thumbnail'><dl class='gallery-item'>\n\t\t\t<dt class='gallery-icon landscape'>\n\t\t\t\t<a href='https:\/\/zeppelinsantiago.es\/wp-content\/uploads\/2013\/05\/filmacion1.jpg'><img loading=\"lazy\" decoding=\"async\" width=\"150\" height=\"150\" src=\"https:\/\/zeppelinsantiago.es\/wp-content\/uploads\/2013\/05\/filmacion1-150x150.jpg\" class=\"attachment-thumbnail size-thumbnail\" alt=\"Filmaci\u00f3n y fotograf\u00eda a\u00e9rea - Zeppelin Santiago\" srcset=\"https:\/\/zeppelinsantiago.es\/wp-content\/uploads\/2013\/05\/filmacion1-150x150.jpg 150w, https:\/\/zeppelinsantiago.es\/wp-content\/uploads\/2013\/05\/filmacion1-90x90.jpg 90w, https:\/\/zeppelinsantiago.es\/wp-content\/uploads\/2013\/05\/filmacion1-300x300.jpg 300w\" sizes=\"auto, (max-width: 150px) 100vw, 150px\" \/><\/a>\n\t\t\t<\/dt><\/dl><br style=\"clear: both\" \/>\n\t\t<\/div>\n<br \/>\n<a href=\"http:\/\/www.zeppelinsantiago.es\/contacto\/\" title=\"Contacto\">P\u00f3ngase en contacto con nosotros y le informaremos minuciosamente y sin compromiso alguno de las caracter\u00edsticas de nuestro servicio.<\/a><br \/>\nhttpv:\/\/www.youtube.com\/watch?v=08fgCqWGZ94<br \/>\n<\/p>","protected":false},"excerpt":{"rendered":"<p>V\u00eddeos Publicitarios Nos encargamos de la producci\u00f3n y realizaci\u00f3n de todo el proceso de creaci\u00f3n. Nos adaptamos a las necesidades <span class=\"ver-mas\"><a href=\"https:\/\/zeppelinsantiago.es\/pt\/productos\/filmacion-y-fotografia-aerea\/\">&#43; info<\/a><\/span><\/p>\n","protected":false},"author":3,"featured_media":309,"parent":11,"menu_order":15,"comment_status":"closed","ping_status":"closed","template":"","meta":{"_monsterinsights_skip_tracking":false,"_monsterinsights_sitenote_active":false,"_monsterinsights_sitenote_note":"","_monsterinsights_sitenote_category":0,"footnotes":""},"class_list":["post-107","page","type-page","status-publish","has-post-thumbnail","hentry"],"aioseo_notices":[],"_links":{"self":[{"href":"https:\/\/zeppelinsantiago.es\/pt\/wp-json\/wp\/v2\/pages\/107","targetHints":{"allow":["GET"]}}],"collection":[{"href":"https:\/\/zeppelinsantiago.es\/pt\/wp-json\/wp\/v2\/pages"}],"about":[{"href":"https:\/\/zeppelinsantiago.es\/pt\/wp-json\/wp\/v2\/types\/page"}],"author":[{"embeddable":true,"href":"https:\/\/zeppelinsantiago.es\/pt\/wp-json\/wp\/v2\/users\/3"}],"replies":[{"embeddable":true,"href":"https:\/\/zeppelinsantiago.es\/pt\/wp-json\/wp\/v2\/comments?post=107"}],"version-history":[{"count":8,"href":"https:\/\/zeppelinsantiago.es\/pt\/wp-json\/wp\/v2\/pages\/107\/revisions"}],"predecessor-version":[{"id":1149,"href":"https:\/\/zeppelinsantiago.es\/pt\/wp-json\/wp\/v2\/pages\/107\/revisions\/1149"}],"up":[{"embeddable":true,"href":"https:\/\/zeppelinsantiago.es\/pt\/wp-json\/wp\/v2\/pages\/11"}],"wp:featuredmedia":[{"embeddable":true,"href":"https:\/\/zeppelinsantiago.es\/pt\/wp-json\/wp\/v2\/media\/309"}],"wp:attachment":[{"href":"https:\/\/zeppelinsantiago.es\/pt\/wp-json\/wp\/v2\/media?parent=107"}],"curies":[{"name":"wp","href":"https:\/\/api.w.org\/{rel}","templated":true}]}}