{"id":886,"date":"2013-07-29T19:50:25","date_gmt":"2013-07-29T19:50:25","guid":{"rendered":"http:\/\/www.zeppelinsantiago.es\/?post_type=product&#038;p=886"},"modified":"2013-07-29T19:50:25","modified_gmt":"2013-07-29T19:50:25","slug":"kit-de-iluminacion-de-globos-de-aire-frio-y-totems","status":"publish","type":"product","link":"https:\/\/zeppelinsantiago.es\/en\/producto\/kit-de-iluminacion-de-globos-de-aire-frio-y-totems\/","title":{"rendered":"Kit de iluminaci\u00f3n de globos de aire fr\u00edo y t\u00f3tems"},"content":{"rendered":"<p class=\"qtranxs-available-languages-message qtranxs-available-languages-message-en\">Sorry, this entry is only available in <a href=\"https:\/\/zeppelinsantiago.es\/es\/wp-json\/wp\/v2\/product\/886\" class=\"qtranxs-available-language-link qtranxs-available-language-link-es\" title=\"Espa\u00f1ol\">Espa\u00f1ol<\/a>.<\/p>","protected":false},"excerpt":{"rendered":"<p>Sorry, this entry is only available in Espa\u00f1ol.<\/p>\n","protected":false},"featured_media":0,"comment_status":"closed","ping_status":"closed","template":"","meta":{"_monsterinsights_skip_tracking":false,"_monsterinsights_sitenote_active":false,"_monsterinsights_sitenote_note":"","_monsterinsights_sitenote_category":0},"product_brand":[],"product_cat":[84],"product_tag":[],"class_list":{"0":"post-886","1":"product","2":"type-product","3":"status-publish","5":"product_cat-sin-categoria","7":"first","8":"instock","9":"taxable","10":"shipping-taxable","11":"purchasable","12":"product-type-simple"},"aioseo_notices":[],"_links":{"self":[{"href":"https:\/\/zeppelinsantiago.es\/en\/wp-json\/wp\/v2\/product\/886","targetHints":{"allow":["GET"]}}],"collection":[{"href":"https:\/\/zeppelinsantiago.es\/en\/wp-json\/wp\/v2\/product"}],"about":[{"href":"https:\/\/zeppelinsantiago.es\/en\/wp-json\/wp\/v2\/types\/product"}],"replies":[{"embeddable":true,"href":"https:\/\/zeppelinsantiago.es\/en\/wp-json\/wp\/v2\/comments?post=886"}],"wp:attachment":[{"href":"https:\/\/zeppelinsantiago.es\/en\/wp-json\/wp\/v2\/media?parent=886"}],"wp:term":[{"taxonomy":"product_brand","embeddable":true,"href":"https:\/\/zeppelinsantiago.es\/en\/wp-json\/wp\/v2\/product_brand?post=886"},{"taxonomy":"product_cat","embeddable":true,"href":"https:\/\/zeppelinsantiago.es\/en\/wp-json\/wp\/v2\/product_cat?post=886"},{"taxonomy":"product_tag","embeddable":true,"href":"https:\/\/zeppelinsantiago.es\/en\/wp-json\/wp\/v2\/product_tag?post=886"}],"curies":[{"name":"wp","href":"https:\/\/api.w.org\/{rel}","templated":true}]}}