{"id":1648,"date":"2017-07-12T19:00:57","date_gmt":"2017-07-12T19:00:57","guid":{"rendered":"http:\/\/www.zeppelinsantiago.es\/?page_id=1648"},"modified":"2017-07-12T19:00:57","modified_gmt":"2017-07-12T19:00:57","slug":"politica-de-cookies","status":"publish","type":"page","link":"https:\/\/zeppelinsantiago.es\/en\/politica-de-cookies\/","title":{"rendered":"Pol\u00edtica de cookies"},"content":{"rendered":"<p>Con la finalidad de ofrecerle una experiencia de navegaci\u00f3n adaptada a sus necesidades, y de buen rendimiento, as\u00ed como para personalizar y analizar su navegaci\u00f3n, le informamos de que esta web (<a href=\"http:\/\/www.zeppelinsantiago.es\">www.zeppelinsantiago.es<\/a>) utiliza cookies propias y de terceros.<\/p>\n<p>Hacemos un uso \u00edntegramente responsable y no intrusivo de las cookies, y dado que nos preocupa su privacidad, queremos informarle sobre el uso que hacemos de ellas y las opciones que tiene a su disposici\u00f3n como usuario para gestionarlas.<\/p>\n<p><strong>\u00bfQu\u00e9 son las cookies?<\/strong><\/p>\n<p>Son tipos de archivo que se descargan en el equipo terminal de un usuario con la finalidad de almacenar datos que podr\u00e1n ser actualizados y recuperados por la entidad responsable de su instalaci\u00f3n. Adem\u00e1s, es un identificador \u00fanico en forma de fichero de texto que se remite al dispositivo del usuario para registrar informaci\u00f3n, permitiendo as\u00ed mejorar la calidad y seguridad de la p\u00e1gina web, para poder ofrecer una mejor experiencia de usuario.<\/p>\n<p><strong>\u00bfQu\u00e9 tipos de cookies utiliza esta p\u00e1gina web?<\/strong><\/p>\n<ul>\n<li><strong>Cookies de Rendimiento<\/strong>: Son aqu\u00e9llas que permiten un funcionamiento \u00f3ptimo de la p\u00e1gina web. Entre los datos recopilados se encuentran los clics del sitio web, el n\u00famero de p\u00e1ginas web visitadas, la duraci\u00f3n de cada sesi\u00f3n y los mensajes de error, datos que sirven para mejorar el sitio web y ofrecer a los usuarios una experiencia mejor.<\/li>\n<li><strong>Cookies de Sesi\u00f3n<\/strong>: Son un tipo de cookies dise\u00f1adas para recabar y almacenar datos mientras el usuario accede a una p\u00e1gina web. Adem\u00e1s, permiten recordar si se ha iniciado sesi\u00f3n en la web ofreciendo as\u00ed una experiencia m\u00e1s satisfactoria al usuario.<\/li>\n<li><strong>Cookies de An\u00e1lisis<\/strong>: Son aqu\u00e9llas que permiten al responsable de las mismas, el seguimiento y an\u00e1lisis del comportamiento de los usuarios de los sitios web a los que est\u00e1n vinculadas. La informaci\u00f3n recogida mediante este tipo de cookies se utiliza en la medici\u00f3n de la actividad de los sitios web, aplicaci\u00f3n o plataforma y para la elaboraci\u00f3n de perfiles de navegaci\u00f3n de los usuarios de dichos sitios, aplicaciones y plataformas, con el fin de introducir mejoras en funci\u00f3n del an\u00e1lisis de los datos de uso que hacen los usuarios del servicio.<\/li>\n<li><strong>Cookies de Terceros<\/strong>: Son aqu\u00e9llas que son enviadas al equipo terminal del usuario desde un dominio o equipo que no es el gestionado por el editor, sino por otra entidad que trata los datos obtenidos trav\u00e9s de las cookies.<\/li>\n<li><strong>Cookies de Publicidad<\/strong>: Son aqu\u00e9llas que permiten la gesti\u00f3n, de una forma lo m\u00e1s eficaz posible, de los espacios publicitarios que, en su caso, el editor haya incluido en una p\u00e1gina web, aplicaci\u00f3n o plataforma desde la que presta el servicio solicitado en base a criterios como el contenido editado o la frecuencia en la que se muestran los anuncios. Adem\u00e1s, hacen que la publicidad sea m\u00e1s atractiva para los usuarios y m\u00e1s valiosa para los anunciantes y editores, se utilizan para mejorar los informes de rendimiento de la campa\u00f1a.<\/li>\n<\/ul>\n<p><strong>Consentimiento:<\/strong><\/p>\n<p>El Usuario acepta expresamente, por la utilizaci\u00f3n de este portal web, el tratamiento de la informaci\u00f3n recabada en la forma y con los fines anteriormente mencionados. Y asimismo reconoce conocer la posibilidad de rechazar el tratamiento de tales datos o informaci\u00f3n rechazando el uso de Cookies mediante la selecci\u00f3n de la configuraci\u00f3n apropiada a tal fin en su navegador, explicada en el apartado siguiente.<\/p>\n<p><strong>\u00bfC\u00f3mo deshabilitar las cookies?<\/strong><\/p>\n<p>C\u00f3mo deshabilitar las cookies en los principales navegadores:<\/p>\n<ul>\n<li>a) <strong>Internet Explorer<\/strong>: (http:\/\/windows.microsoft.com\/es-es\/windows-vista\/block-or-allow-cookies)<\/li>\n<li>b) <strong>FireFox:<\/strong> (https:\/\/support.mozilla.org\/es\/kb\/habilitar-y-deshabilitar-cookies-sitios-web-rastrear-preferencias?redirectlocale=es&amp;redirectslug=habilitar-y-deshabilitar-cookies-que-los-sitios-we)<\/li>\n<li>c) <strong>Chrome<\/strong>: (https:\/\/support.google.com\/chrome\/answer\/95647?hl=es)<\/li>\n<li>d) <strong>Safari<\/strong>: (https:\/\/support.apple.com\/es-es\/HT201265)<\/li>\n<li>e) <strong>Google Analytics<\/strong> (https:\/\/tools.google.com\/dlpage\/gaoptout?hl=es)<\/li>\n<\/ul>\n<p>Si lo desea puede configurar su navegador para ser avisado en pantalla de la recepci\u00f3n de cookies e impedir la instalaci\u00f3n de cookies en el disco duro. No obstante, si selecciona esta configuraci\u00f3n, quiz\u00e1s no pueda acceder a determinadas partes del sitio web o no pueda utilizar alguno de nuestros servicios.<\/p>\n","protected":false},"excerpt":{"rendered":"<p>Con la finalidad de ofrecerle una experiencia de navegaci\u00f3n adaptada a sus necesidades, y de buen rendimiento, as\u00ed como para <span class=\"ver-mas\"><a href=\"https:\/\/zeppelinsantiago.es\/en\/politica-de-cookies\/\">&#43; info<\/a><\/span><\/p>\n","protected":false},"author":1001002,"featured_media":0,"parent":0,"menu_order":0,"comment_status":"closed","ping_status":"closed","template":"","meta":{"_monsterinsights_skip_tracking":false,"_monsterinsights_sitenote_active":false,"_monsterinsights_sitenote_note":"","_monsterinsights_sitenote_category":0,"footnotes":""},"class_list":["post-1648","page","type-page","status-publish","hentry"],"aioseo_notices":[],"_links":{"self":[{"href":"https:\/\/zeppelinsantiago.es\/en\/wp-json\/wp\/v2\/pages\/1648","targetHints":{"allow":["GET"]}}],"collection":[{"href":"https:\/\/zeppelinsantiago.es\/en\/wp-json\/wp\/v2\/pages"}],"about":[{"href":"https:\/\/zeppelinsantiago.es\/en\/wp-json\/wp\/v2\/types\/page"}],"author":[{"embeddable":true,"href":"https:\/\/zeppelinsantiago.es\/en\/wp-json\/wp\/v2\/users\/1001002"}],"replies":[{"embeddable":true,"href":"https:\/\/zeppelinsantiago.es\/en\/wp-json\/wp\/v2\/comments?post=1648"}],"version-history":[{"count":1,"href":"https:\/\/zeppelinsantiago.es\/en\/wp-json\/wp\/v2\/pages\/1648\/revisions"}],"predecessor-version":[{"id":1649,"href":"https:\/\/zeppelinsantiago.es\/en\/wp-json\/wp\/v2\/pages\/1648\/revisions\/1649"}],"wp:attachment":[{"href":"https:\/\/zeppelinsantiago.es\/en\/wp-json\/wp\/v2\/media?parent=1648"}],"curies":[{"name":"wp","href":"https:\/\/api.w.org\/{rel}","templated":true}]}}