{"id":1644,"date":"2017-07-12T18:58:26","date_gmt":"2017-07-12T18:58:26","guid":{"rendered":"http:\/\/www.zeppelinsantiago.es\/?page_id=1644"},"modified":"2017-07-12T18:58:26","modified_gmt":"2017-07-12T18:58:26","slug":"aviso-legal","status":"publish","type":"page","link":"https:\/\/zeppelinsantiago.es\/en\/aviso-legal\/","title":{"rendered":"Aviso legal"},"content":{"rendered":"<p><strong>Denominaci\u00f3n social<\/strong>:\u00a0Jos\u00e9 Manuel Rodr\u00edguez Gandarela (En adelante \u201cZEPPELIN SANTIAGO\u201d)<\/p>\n<p><strong>NIF\/CIF<\/strong>:\u00a033269306-J<\/p>\n<p><strong>Domicilio a efectos de notificaciones<\/strong>:\u00a0R\u00faa da Queimada, 63, 2\u00baB. 15703 Santiago de Compostela, A Coru\u00f1a<\/p>\n<p><strong>Contacto:<\/strong><\/p>\n<ul>\n<li>Tel\u00e9fono: 696 37 65 09<\/li>\n<li>Direcci\u00f3n de correo electr\u00f3nico: info@zeppelinsantiago.com<\/li>\n<\/ul>\n<p><strong>Registros e Inscripciones:\u00a0<\/strong><\/p>\n<ul>\n<li>Registro General de Protecci\u00f3n de Datos de la Agencia Espa\u00f1ola de Protecci\u00f3n de Datos (AEPD): Clientes y\/o Proveedores; P\u00e1gina web\/Correo electr\u00f3nico.<\/li>\n<\/ul>\n<p><strong>Contenido del sitio web<\/strong>:<\/p>\n<p>La informaci\u00f3n incluida en el sitio web ha seguido los requerimientos pedidos por la Ley, pero de ninguna forma eso implica que tenga que estar necesariamente detallada, completa, exacta o mantenerse actualizada, debido, en su caso, a las variaciones que puedan producirse en la normativa, jurisprudencia u otros documentos de inter\u00e9s considerados. La utilizaci\u00f3n de la informaci\u00f3n proporcionada a trav\u00e9s de este sitio web es responsabilidad exclusiva del usuario, no siendo \u201cZeppelin Santiago\u201d, en ning\u00fan caso, responsable de los errores u omisiones que pudieran existir, as\u00ed como de la aplicaci\u00f3n o uso concreto que pueda hacerse de la misma.<\/p>\n<p><strong>Enlaces:<\/strong><\/p>\n<p>\u201cZeppelin Santiago\u201d, no asume ninguna responsabilidad sobre los enlaces hacia otros sitios o p\u00e1ginas web que, en su caso, pudieran incluirse en el mismo, ya que no tiene ning\u00fan tipo de control sobre los mismos, por lo que el usuario accede bajo su exclusiva responsabilidad al contenido y en las condiciones de uso que rijan en los mismos.<\/p>\n","protected":false},"excerpt":{"rendered":"<p>Denominaci\u00f3n social:\u00a0Jos\u00e9 Manuel Rodr\u00edguez Gandarela (En adelante \u201cZEPPELIN SANTIAGO\u201d) NIF\/CIF:\u00a033269306-J Domicilio a efectos de notificaciones:\u00a0R\u00faa da Queimada, 63, 2\u00baB. 15703 <span class=\"ver-mas\"><a href=\"https:\/\/zeppelinsantiago.es\/en\/aviso-legal\/\">&#43; info<\/a><\/span><\/p>\n","protected":false},"author":1001002,"featured_media":0,"parent":0,"menu_order":0,"comment_status":"closed","ping_status":"closed","template":"","meta":{"_monsterinsights_skip_tracking":false,"_monsterinsights_sitenote_active":false,"_monsterinsights_sitenote_note":"","_monsterinsights_sitenote_category":0,"footnotes":""},"class_list":["post-1644","page","type-page","status-publish","hentry"],"aioseo_notices":[],"_links":{"self":[{"href":"https:\/\/zeppelinsantiago.es\/en\/wp-json\/wp\/v2\/pages\/1644","targetHints":{"allow":["GET"]}}],"collection":[{"href":"https:\/\/zeppelinsantiago.es\/en\/wp-json\/wp\/v2\/pages"}],"about":[{"href":"https:\/\/zeppelinsantiago.es\/en\/wp-json\/wp\/v2\/types\/page"}],"author":[{"embeddable":true,"href":"https:\/\/zeppelinsantiago.es\/en\/wp-json\/wp\/v2\/users\/1001002"}],"replies":[{"embeddable":true,"href":"https:\/\/zeppelinsantiago.es\/en\/wp-json\/wp\/v2\/comments?post=1644"}],"version-history":[{"count":1,"href":"https:\/\/zeppelinsantiago.es\/en\/wp-json\/wp\/v2\/pages\/1644\/revisions"}],"predecessor-version":[{"id":1645,"href":"https:\/\/zeppelinsantiago.es\/en\/wp-json\/wp\/v2\/pages\/1644\/revisions\/1645"}],"wp:attachment":[{"href":"https:\/\/zeppelinsantiago.es\/en\/wp-json\/wp\/v2\/media?parent=1644"}],"curies":[{"name":"wp","href":"https:\/\/api.w.org\/{rel}","templated":true}]}}