{"id":107,"date":"2013-05-17T14:31:02","date_gmt":"2013-05-17T14:31:02","guid":{"rendered":"http:\/\/www.zeppelinsantiago.es\/?page_id=107"},"modified":"2013-08-13T08:13:29","modified_gmt":"2013-08-13T08:13:29","slug":"filmacion-y-fotografia-aerea","status":"publish","type":"page","link":"https:\/\/zeppelinsantiago.es\/en\/productos\/filmacion-y-fotografia-aerea\/","title":{"rendered":"Filming and aerial photography"},"content":{"rendered":"<p><\/p>\n<h2><span class=\"short_text\" id=\"result_box\" lang=\"en\"><span class=\"hps\">Videos<\/span> <span class=\"hps\">Advertising<\/span><\/span><\/h2>\n<p><span id=\"result_box\" lang=\"en\"><span class=\"hps\">We handle the<\/span> <span class=\"hps\">production and realization<\/span> <span class=\"hps\">of the process<\/span> <span class=\"hps\">of<\/span> <span class=\"hps\">creation.<\/span><br \/>\n<span class=\"hps\">We adapt to the<\/span> <span class=\"hps\">needs<\/span> <span class=\"hps\">of each client.<\/span> <span class=\"hps\">Our main goal is<\/span> <span class=\"hps\">the satisfaction<\/span> <span class=\"hps\">of each of<\/span> <span class=\"hps\">our customers, and<\/span> <span class=\"hps\">to achieve<\/span> <span class=\"hps\">this<\/span> <span class=\"hps\">objective is essential<\/span> <span class=\"hps\">to meet<\/span> <span class=\"hps\">the needs of<\/span> <span class=\"hps\">this and<\/span> <span class=\"hps\">promote products<\/span> <span class=\"hps\">and services<\/span> <span class=\"hps\">that suit<\/span> <span class=\"hps\">them.<\/span><br \/>\n<span class=\"hps\">The integration of<\/span> <span class=\"hps\">our prospects<\/span> <span class=\"hps\">and<\/span> <span class=\"hps\">Zenith<\/span> <span class=\"hps\">Oblique<\/span> <span class=\"hps\">high<\/span> <span class=\"hps\">and<\/span> <span class=\"hps\">low altitude<\/span> <span class=\"hps\">achieved<\/span> <span class=\"hps\">truly impressive<\/span> <span class=\"hps\">work<\/span><span>,<\/span> <span class=\"hps\">to<\/span> <span class=\"hps\">completely change the<\/span> <span class=\"hps\">visual<\/span> <span class=\"hps\">perspective<\/span> <span class=\"hps\">to which we are<\/span> <span class=\"hps\">accustomed to seeing<\/span> <span class=\"hps\">the pictures.<\/span><\/span><\/p>\n<h2><span class=\"short_text\" id=\"result_box\" lang=\"en\"><span class=\"hps\">Corporate<\/span> <span class=\"hps\">Video Production<\/span><\/span><\/h2>\n<p><span id=\"result_box\" lang=\"en\"><span class=\"hps\">One of the<\/span> <span class=\"hps\">best ways to promote<\/span> <span class=\"hps\">a company<\/span><span>,<\/span> <span class=\"hps\">product or service is<\/span> <span class=\"hps\">through<\/span> <span class=\"hps\">video.<\/span> <span class=\"hps\">With a<\/span> <span class=\"hps\">good story<\/span> <span class=\"hps\">where the images<\/span><span>, music<\/span> <span class=\"hps\">and text<\/span> <span class=\"hps\">combine<\/span> <span class=\"hps\">rhythmically<\/span><span>,<\/span> <span class=\"hps\">able to generate<\/span> <span class=\"hps\">emotions.<\/span><br \/>\n<span class=\"hps\">Our<\/span> <span class=\"hps\">promotional videos<\/span> <span class=\"hps\">are<\/span> <span class=\"hps\">a very powerful tool<\/span> <span class=\"hps\">and can<\/span> <span class=\"hps\">be<\/span> <span class=\"hps\">commercial<\/span><span>, corporate<\/span> <span class=\"hps\">or<\/span> <span class=\"hps\">informative<\/span> <span class=\"hps\">basis of<\/span> <span class=\"hps\">economically priced and<\/span> <span class=\"hps\">tailored<\/span> <span class=\"hps\">to the budget.<\/span><\/span><br \/>\n\n\t\t<style type=\"text\/css\">\n\t\t\t#gallery-2 {\n\t\t\t\tmargin: auto;\n\t\t\t}\n\t\t\t#gallery-2 .gallery-item {\n\t\t\t\tfloat: left;\n\t\t\t\tmargin-top: 10px;\n\t\t\t\ttext-align: center;\n\t\t\t\twidth: 100%;\n\t\t\t}\n\t\t\t#gallery-2 img {\n\t\t\t\tborder: 2px solid #cfcfcf;\n\t\t\t}\n\t\t\t#gallery-2 .gallery-caption {\n\t\t\t\tmargin-left: 0;\n\t\t\t}\n\t\t\t\/* see gallery_shortcode() in wp-includes\/media.php *\/\n\t\t<\/style>\n\t\t<div id='gallery-2' class='gallery galleryid-107 gallery-columns-1 gallery-size-thumbnail'><dl class='gallery-item'>\n\t\t\t<dt class='gallery-icon landscape'>\n\t\t\t\t<a href='https:\/\/zeppelinsantiago.es\/wp-content\/uploads\/2013\/05\/filmacion1.jpg'><img loading=\"lazy\" decoding=\"async\" width=\"150\" height=\"150\" src=\"https:\/\/zeppelinsantiago.es\/wp-content\/uploads\/2013\/05\/filmacion1-150x150.jpg\" class=\"attachment-thumbnail size-thumbnail\" alt=\"Filmaci\u00f3n y fotograf\u00eda a\u00e9rea - Zeppelin Santiago\" srcset=\"https:\/\/zeppelinsantiago.es\/wp-content\/uploads\/2013\/05\/filmacion1-150x150.jpg 150w, https:\/\/zeppelinsantiago.es\/wp-content\/uploads\/2013\/05\/filmacion1-90x90.jpg 90w, https:\/\/zeppelinsantiago.es\/wp-content\/uploads\/2013\/05\/filmacion1-300x300.jpg 300w\" sizes=\"auto, (max-width: 150px) 100vw, 150px\" \/><\/a>\n\t\t\t<\/dt><\/dl><br style=\"clear: both\" \/>\n\t\t<\/div>\n<br \/>\n<a title=\"Contacto\" href=\"http:\/\/www.zeppelinsantiago.es\/contacto\/\"><span id=\"result_box\" lang=\"en\"><span class=\"hps\">Contact<\/span> <span class=\"hps\">us and<\/span> <span class=\"hps\">we will inform you<\/span> <span class=\"hps\">without<\/span> <span class=\"hps\">obligation<\/span> <span class=\"hps\">carefully<\/span> <span class=\"hps\">the characteristics of<\/span> <span class=\"hps\">our service.<\/span><\/span><\/a><br \/>\nhttpv:\/\/www.youtube.com\/watch?v=08fgCqWGZ94<\/p>","protected":false},"excerpt":{"rendered":"<p>Videos Advertising We handle the production and realization of the process of creation. We adapt to the needs of each <span class=\"ver-mas\"><a href=\"https:\/\/zeppelinsantiago.es\/en\/productos\/filmacion-y-fotografia-aerea\/\">&#43; info<\/a><\/span><\/p>\n","protected":false},"author":3,"featured_media":309,"parent":11,"menu_order":15,"comment_status":"closed","ping_status":"closed","template":"","meta":{"_monsterinsights_skip_tracking":false,"_monsterinsights_sitenote_active":false,"_monsterinsights_sitenote_note":"","_monsterinsights_sitenote_category":0,"footnotes":""},"class_list":["post-107","page","type-page","status-publish","has-post-thumbnail","hentry"],"aioseo_notices":[],"_links":{"self":[{"href":"https:\/\/zeppelinsantiago.es\/en\/wp-json\/wp\/v2\/pages\/107","targetHints":{"allow":["GET"]}}],"collection":[{"href":"https:\/\/zeppelinsantiago.es\/en\/wp-json\/wp\/v2\/pages"}],"about":[{"href":"https:\/\/zeppelinsantiago.es\/en\/wp-json\/wp\/v2\/types\/page"}],"author":[{"embeddable":true,"href":"https:\/\/zeppelinsantiago.es\/en\/wp-json\/wp\/v2\/users\/3"}],"replies":[{"embeddable":true,"href":"https:\/\/zeppelinsantiago.es\/en\/wp-json\/wp\/v2\/comments?post=107"}],"version-history":[{"count":8,"href":"https:\/\/zeppelinsantiago.es\/en\/wp-json\/wp\/v2\/pages\/107\/revisions"}],"predecessor-version":[{"id":1149,"href":"https:\/\/zeppelinsantiago.es\/en\/wp-json\/wp\/v2\/pages\/107\/revisions\/1149"}],"up":[{"embeddable":true,"href":"https:\/\/zeppelinsantiago.es\/en\/wp-json\/wp\/v2\/pages\/11"}],"wp:featuredmedia":[{"embeddable":true,"href":"https:\/\/zeppelinsantiago.es\/en\/wp-json\/wp\/v2\/media\/309"}],"wp:attachment":[{"href":"https:\/\/zeppelinsantiago.es\/en\/wp-json\/wp\/v2\/media?parent=107"}],"curies":[{"name":"wp","href":"https:\/\/api.w.org\/{rel}","templated":true}]}}